{"id":609,"date":"2020-08-11T15:32:05","date_gmt":"2020-08-11T13:32:05","guid":{"rendered":"https:\/\/arbiovins.com\/?post_type=product&#038;p=609"},"modified":"2025-09-30T10:48:29","modified_gmt":"2025-09-30T08:48:29","slug":"ventoux-les-traversiers-2019","status":"publish","type":"product","link":"https:\/\/arbiovins.com\/fr\/shop\/ventoux-les-traversiers-2019\/","title":{"rendered":"Ventoux \"les Traversiers\" 2023"},"content":{"rendered":"<div id=\"dslc-theme-content\"><div id=\"dslc-theme-content-inner\"><div id=\"div-desktop\">\n<section>\n<div class=\"float half\" style=\"margin-bottom: 1em; border-radius: 0.5em; padding: -1em; box-sizing: border-box; width: 50%; float: left; overflow: hidden;\"><img decoding=\"async\" class=\"image\" style=\"display: block; max-width: 100%; max-height: 100%; margin-left: auto; margin-right: auto;\" src=\"https:\/\/arbiovins.com\/wp-content\/uploads\/2018\/01\/girlholdingglass_960_square.jpg\" alt=\"\" width=\"auto\" height=\"auto\" \/><\/div>\n<div class=\"float half lio\" style=\"margin-bottom: 1em; border-radius: 0.5em; padding: 10px; box-sizing: border-box; width: 50%; float: left; overflow: hidden;\">\n<h3 style=\"-webkit-font-smoothing: antialiased; font-size: 12px; margin-bottom: 0px; padding: 0px; border: 0px; color: #1c1d23; font-family: proxima-nova, sans-serif; font-stretch: inherit; vertical-align: baseline; text-transform: uppercase; letter-spacing: 0.2em; line-height: 2.2em !important;\">ALLER PLUS LOIN<\/h3>\n<h2 style=\"-webkit-font-smoothing: antialiased; margin-bottom: 0px; padding: 0px; border: 0px; font-weight: 400; line-height: 1em; color: #1c1d23; font-family: 'Abril Fatface'; font-stretch: inherit; vertical-align: baseline; text-transform: capitalize; font-size: 48px !important;\">Notes de d\u00e9gustation<\/h2>\n<p>&nbsp;<\/p>\n<p style=\"-webkit-font-smoothing: antialiased; font-size: inherit; margin-bottom: 0px; padding: 1em; border: 3px solid #ccc; font-family: inherit; font-style: inherit; font-variant-caps: inherit; font-stretch: inherit; line-height: inherit; vertical-align: baseline; border-radius: 3em .7em 2em .7em\/.7em 2em .7em 3em;\">Une couleur rouge cerise-griotte, des ar\u00f4mes de fruits rouges et de r\u00e9glisse, un go\u00fbt fruit\u00e9 et soyeux.<\/p>\n<\/div>\n<div id=\"content\" style=\"margin-bottom: 1em; border-radius: 0.5em; padding: -1em; box-sizing: border-box; width: 45%;\"><\/div>\n<div class=\"float half lio\" style=\"margin-bottom: 1em; border-radius: 0.5em; padding: 10px; box-sizing: border-box; width: 50%; float: left; overflow: hidden;\">\n<h3 style=\"-webkit-font-smoothing: antialiased; font-size: 12px; margin-bottom: 0px; padding: 0px; border: 0px; line-height: 12px; color: #1c1d23; font-family: proxima-nova, sans-serif; font-stretch: inherit; vertical-align: baseline; text-transform: uppercase; letter-spacing: 0.2em; text-align: right;\">FRANCE<\/h3>\n<h2 style=\"-webkit-font-smoothing: antialiased; margin-bottom: 0px; padding: 0px; border: 0px; font-weight: 400; line-height: 1em; color: #1c1d23; font-family: 'Abril Fatface'; font-stretch: inherit; vertical-align: baseline; font-size: 48px !important; text-align: right;\">Vall\u00e9e du Rh\u00f4ne<\/h2>\n<p>&nbsp;<\/p>\n<p style=\"-webkit-font-smoothing: antialiased; font-size: inherit; margin-bottom: 0px; padding: 1em; border: 3px solid #ccc; font-family: inherit; font-style: inherit; font-variant-caps: inherit; font-stretch: inherit; line-height: inherit; vertical-align: baseline; text-align: right; border-radius: 3em .7em 2em .7em\/.7em 2em .7em 3em;\">Le \u00a0Ventoux AOC est une AOC viticole dans la r\u00e9gion \u00a0 sud-est de la r\u00e9gion viticole du Rh\u00f4ne en France, o\u00f9 les vins sont produits dans 51 communes du d\u00e9partement du Vaucluse le long des pentes inf\u00e9rieures de la montagne du Ventoux et au pied des montagnes de Vaucluse.<\/p>\n<p>&nbsp;<\/p>\n<\/div>\n<div class=\"float half\" style=\"margin-bottom: 1em; border-radius: 0.5em; padding: -1em; box-sizing: border-box; width: 50%; float: left; overflow: hidden;\"><img decoding=\"async\" class=\"image\" style=\"display: block; max-width: 100%; max-height: 100%; margin-left: auto; margin-right: auto;\" src=\"https:\/\/arbiovins.com\/wp-content\/uploads\/2020\/08\/map_france_region_rhonevalley_square.jpg\" alt=\"\" width=\"auto\" height=\"auto\" \/><\/div>\n<div id=\"content\" style=\"margin-bottom: 1em; border-radius: 0.5em; padding: -1em; box-sizing: border-box; width: 45%;\"><\/div>\n<div class=\"float half\" style=\"margin-bottom: 1em; border-radius: 0.5em; padding: -1em; box-sizing: border-box; width: 50%; float: left; overflow: hidden;\"><img decoding=\"async\" class=\"image\" style=\"display: block; max-width: 100%; max-height: 100%; margin-left: auto; margin-right: auto;\" src=\"https:\/\/arbiovins.com\/wp-content\/uploads\/2020\/08\/5g.jpg\" alt=\"\" width=\"auto\" height=\"auto\" \/><\/div>\n<div class=\"float half lio\" style=\"margin-bottom: 1em; border-radius: 0.5em; padding: 10px; box-sizing: border-box; width: 50%; float: left; overflow: hidden;\">\n<h3 style=\"box-sizing: border-box; -webkit-font-smoothing: antialiased; font-size: 12px; margin: 0px; padding: 0px; border: 0px; font-style: inherit; font-weight: 600; line-height: 2.2em !important; color: #1c1d23; font-family: inherit; font-variant-caps: inherit; font-stretch: inherit; vertical-align: baseline; text-transform: uppercase; letter-spacing: 0.2em; text-align: left;\">CLIMAT M\u00c9DITERRAN\u00c9EN<\/h3>\n<h2 style=\"box-sizing: border-box; -webkit-font-smoothing: antialiased; font-size: 48px !important; margin: 0px; padding: 0px; border: 0px; font-style: normal; font-weight: 400; line-height: 1em; color: #1c1d23; font-family: 'Abril Fatface'; font-variant-caps: normal; font-stretch: inherit; vertical-align: baseline; letter-spacing: normal; orphans: auto; text-indent: 0px; text-transform: none; white-space: normal; widows: auto; word-spacing: 0px; -webkit-text-size-adjust: auto; -webkit-text-stroke-width: 0px; text-align: left;\">Domaine Des Hauts Traversiers<\/h2>\n<p>&nbsp;<\/p>\n<p style=\"-webkit-font-smoothing: antialiased; font-size: inherit; margin-bottom: 0px; padding: 1em; border: 3px solid #ccc; font-family: inherit; font-style: inherit; font-variant-caps: inherit; font-stretch: inherit; line-height: inherit; vertical-align: baseline; border-radius: 3em .7em 2em .7em\/.7em 2em .7em 3em;\">Situ\u00e9 \u00e0 Pernes les Fontaines au c\u0153ur du Vaucluse sur les premi\u00e8res collines des monts de Vaucluse, le domaine familial cr\u00e9\u00e9 par Didier Morel en 1994 est constitu\u00e9 aujourd'hui de 14 hectares de vignes dont 9 hectares de raisin de cuve et 5 hectares de raisin de table sur une vari\u00e9t\u00e9 de sol en majorit\u00e9 argileux et sableux. Florian son fils qui est passionn\u00e9 depuis tout petit par les vignes et le vin le rejoint en 2013. Soucieux de l\u2019environnement et par respect du terroir, le vignoble est depuis 2010 conduit en Agriculture Biologique.<\/p>\n<\/div>\n<\/section>\n<\/div>\n<div id=\"div-mobile\">\n<section>\n<h3 style=\"-webkit-font-smoothing: antialiased; font-size: 12px; margin-bottom: 0px; padding: 0px; border: 0px; color: #1c1d23; font-family: proxima-nova, sans-serif; font-stretch: inherit; vertical-align: baseline; text-transform: uppercase; letter-spacing: 0.2em; line-height: 2.2em !important;\">ALLER PLUS LOIN<\/h3>\n<h2 style=\"-webkit-font-smoothing: antialiased; margin-bottom: 0px; padding: 0px; border: 0px; font-weight: 400; line-height: 1em; color: #1c1d23; font-family: 'Abril Fatface'; font-stretch: inherit; vertical-align: baseline; text-transform: capitalize; font-size: 44px !important;\">Notes de d\u00e9gustation<\/h2>\n<p><img decoding=\"async\" class=\"image\" style=\"display: block; max-width: 100%; max-height: 100%; margin-left: auto; margin-right: auto;\" src=\"https:\/\/arbiovins.com\/wp-content\/uploads\/2018\/01\/girlholdingglass_960_square.jpg\" alt=\"\" width=\"auto\" height=\"auto\" \/><\/p>\n<p style=\"-webkit-font-smoothing: antialiased; font-size: inherit; margin-bottom: 0px; padding: 1em; border: 3px solid #ccc; font-family: inherit; font-style: inherit; font-variant-caps: inherit; font-stretch: inherit; line-height: inherit; vertical-align: baseline; border-radius: 3em .7em 2em .7em\/.7em 2em .7em 3em;\">Une couleur rouge cerise-griotte, des ar\u00f4mes de fruits rouges et de r\u00e9glisse, un go\u00fbt fruit\u00e9 et soyeux.<\/p>\n<h3 style=\"-webkit-font-smoothing: antialiased; font-size: 12px; margin-bottom: 0px; padding: 0px; border: 0px; line-height: 12px; color: #1c1d23; font-family: proxima-nova, sans-serif; font-stretch: inherit; vertical-align: baseline; text-transform: uppercase; letter-spacing: 0.2em; text-align: left;\">FRANCE<\/h3>\n<h2 style=\"-webkit-font-smoothing: antialiased; margin-bottom: 0px; padding: 0px; border: 0px; font-weight: 400; line-height: 1em; color: #1c1d23; font-family: 'Abril Fatface'; font-stretch: inherit; vertical-align: baseline; font-size: 44px !important; text-align: left;\">Vall\u00e9e du Rh\u00f4ne<\/h2>\n<p style=\"-webkit-font-smoothing: antialiased; font-size: inherit; margin-bottom: 0px; padding: 1em; border: 3px solid #ccc; font-family: inherit; font-style: inherit; font-variant-caps: inherit; font-stretch: inherit; line-height: inherit; vertical-align: baseline; border-radius: 3em .7em 2em .7em\/.7em 2em .7em 3em;\">\u00a0 <img decoding=\"async\" class=\"image\" style=\"display: block; max-width: 100%; max-height: 100%; margin-left: auto; margin-right: auto;\" src=\"https:\/\/arbiovins.com\/wp-content\/uploads\/2020\/08\/map_france_region_rhonevalley_square.jpg\" alt=\"\" width=\"auto\" height=\"auto\" \/><\/p>\n<p style=\"-webkit-font-smoothing: antialiased; font-size: inherit; margin-bottom: 0px; padding: 1em; border: 3px solid #ccc; font-family: inherit; font-style: inherit; font-variant-caps: inherit; font-stretch: inherit; line-height: inherit; vertical-align: baseline; text-align: left; border-radius: 3em .7em 2em .7em\/.7em 2em .7em 3em;\">Le \u00a0Ventoux AOC est une AOC viticole dans la r\u00e9gion \u00a0 sud-est de la r\u00e9gion viticole du Rh\u00f4ne en France, o\u00f9 les vins sont produits dans 51 communes du d\u00e9partement du Vaucluse le long des pentes inf\u00e9rieures de la montagne du Ventoux et au pied des montagnes de Vaucluse.<\/p>\n<h3 style=\"box-sizing: border-box; -webkit-font-smoothing: antialiased; font-size: 12px; margin: 0px; padding: 0px; border: 0px; font-style: inherit; font-weight: 600; line-height: 2.2em !important; color: #1c1d23; font-family: inherit; font-variant-caps: inherit; font-stretch: inherit; vertical-align: baseline; text-transform: uppercase; letter-spacing: 0.2em; text-align: left;\"><\/h3>\n<h3 style=\"box-sizing: border-box; -webkit-font-smoothing: antialiased; font-size: 12px; margin: 0px; padding: 0px; border: 0px; font-style: inherit; font-weight: 600; line-height: 2.2em !important; color: #1c1d23; font-family: inherit; font-variant-caps: inherit; font-stretch: inherit; vertical-align: baseline; text-transform: uppercase; letter-spacing: 0.2em; text-align: left;\">CLIMAT M\u00c9DITERRAN\u00c9EN<\/h3>\n<h2 style=\"box-sizing: border-box; -webkit-font-smoothing: antialiased; font-size: 44px !important; margin: 0px; padding: 0px; border: 0px; font-style: normal; font-weight: 400; line-height: 1em; color: #1c1d23; font-family: 'Abril Fatface'; font-variant-caps: normal; font-stretch: inherit; vertical-align: baseline; letter-spacing: normal; orphans: auto; text-indent: 0px; text-transform: none; white-space: normal; widows: auto; word-spacing: 0px; -webkit-text-size-adjust: auto; -webkit-text-stroke-width: 0px; text-align: left;\">Domaine Des Hauts Traversiers<\/h2>\n<p style=\"-webkit-font-smoothing: antialiased; font-size: inherit; margin-bottom: 0px; padding: 1em; border: 3px solid #ccc; font-family: inherit; font-style: inherit; font-variant-caps: inherit; font-stretch: inherit; line-height: inherit; vertical-align: baseline; border-radius: 3em .7em 2em .7em\/.7em 2em .7em 3em;\">\u00a0 <img decoding=\"async\" class=\"image\" style=\"display: block; max-width: 100%; max-height: 100%; margin-left: auto; margin-right: auto;\" src=\"https:\/\/arbiovins.com\/wp-content\/uploads\/2020\/08\/5g.jpg\" alt=\"\" width=\"auto\" height=\"auto\" \/><\/p>\n<p style=\"-webkit-font-smoothing: antialiased; font-size: inherit; margin-bottom: 0px; padding: 1em; border: 3px solid #ccc; font-family: inherit; font-style: inherit; font-variant-caps: inherit; font-stretch: inherit; line-height: inherit; vertical-align: baseline; border-radius: 3em .7em 2em .7em\/.7em 2em .7em 3em;\">Situ\u00e9 \u00e0 Pernes les Fontaines au c\u0153ur du Vaucluse sur les premi\u00e8res collines des monts de Vaucluse, le domaine familial cr\u00e9\u00e9 par Didier Morel en 1994 est constitu\u00e9 aujourd'hui de 14 hectares de vignes dont 9 hectares de raisin de cuve et 5 hectares de raisin de table sur une vari\u00e9t\u00e9 de sol en majorit\u00e9 argileux et sableux. Florian son fils qui est passionn\u00e9 depuis tout petit par les vignes et le vin le rejoint en 2013. Soucieux de l\u2019environnement et par respect du terroir, le vignoble est depuis 2010 conduit en Agriculture Biologique.<\/p>\n<\/section>\n<\/div>\n<\/div><\/div>","protected":false},"excerpt":{"rendered":"<table class=\"arbio-table_attributes\">\n<tbody>\n<tr>\n<td>arbio score<\/td>\n<td class=\"score\">90\/100<\/td>\n<\/tr>\n<p><!--\n\n\n<tr>\n\n\n<td><a href=\"https:\/\/arbiovins.com\/shop\/domaine-de-saint-jean-de-larbousier-2015\/#tab-reviews\">\navis des acheteurs\n<\/a><\/td>\n\n\n\n\n<td>\n\n\n<div class=\"star-rating\"><span style=\"width: 0%;\">\n<strong class=\"rating\">0.00<\/strong> out of 5 based on <span class=\"rating\">0<\/span> customer ratings <\/span><\/div>\n\n\n&nbsp;<\/td>\n\n\n<\/tr>\n\n\n--><\/tbody>\n<tbody>\n<tr>\n<td>Accords mets<\/td>\n<td>\n<ul class=\"arbio-icons_list\">\n<li>\n<div><span class=\"icon\"><img decoding=\"async\" src=\"https:\/\/arbiovins.com\/wp-content\/themes\/bistro\/assets\/icons\/food_pairing\/foodpairing_hard-cheese.svg\" alt=\"Hard cheese\" \/><\/span><span class=\"name\">Fromage \u00e0 pate dure<\/span><\/div>\n<\/li>\n<li>\n<div><span class=\"icon\"><img decoding=\"async\" src=\"https:\/\/arbiovins.com\/wp-content\/themes\/bistro\/assets\/icons\/food_pairing\/foodpairing_red-meat.svg\" alt=\"Red Meat\" \/><\/span><span class=\"name\">Viande rouge<\/span><\/div>\n<\/li>\n<li>\n<div><span class=\"icon\"><img decoding=\"async\" src=\"https:\/\/arbiovins.com\/wp-content\/themes\/bistro\/assets\/icons\/food_pairing\/foodpairing_vegeterian.svg\" alt=\"Vegetarian\" \/><\/span><span class=\"name\">V\u00e9g\u00e9tarien<\/span><\/div>\n<\/li>\n<\/ul>\n<\/td>\n<\/tr>\n<tr>\n<td>Aromes<\/td>\n<td>\n<ul class=\"arbio-icons_list\">\n<li>\n<div><span class=\"icon\"><img decoding=\"async\" src=\"https:\/\/arbiovins.com\/wp-content\/themes\/bistro\/assets\/icons\/aromas\/aroma_black-fruits.svg\" alt=\"Black Fruits\" \/><\/span><span class=\"name\">Fruits noirs<\/span><\/div>\n<\/li>\n<li>\n<div><span class=\"icon\"><img decoding=\"async\" src=\"https:\/\/arbiovins.com\/wp-content\/themes\/bistro\/assets\/icons\/aromas\/aroma_herbal.svg\" alt=\"Herbal\" \/><\/span><span class=\"name\">Ar\u00f4mes de v\u00e9g\u00e9taux<\/span><\/div>\n<\/li>\n<li>\n<div><span class=\"icon\"><img decoding=\"async\" src=\"https:\/\/arbiovins.com\/wp-content\/themes\/bistro\/assets\/icons\/aromas\/aroma_spices.svg\" alt=\"Spices\" \/><\/span><span class=\"name\">Epic\u00e9<\/span><\/div>\n<\/li>\n<\/ul>\n<\/td>\n<\/tr>\n<\/tbody>\n<tbody>\n<tr>\n<td>C\u00e8page<\/td>\n<td>\n<p class=\"grape-variety-item\">40% Grenache<\/p>\n<p class=\"grape-variety-item\">40% Syrah<\/p>\n<p class=\"grape-variety-item\">20% Mourv\u00e8dre<\/p>\n<\/td>\n<\/tr>\n<tr>\n<td>production<\/td>\n<td><a href=\"\/shop\/?filter_origin=Biologique\">Biologique<\/a><\/td>\n<\/tr>\n<\/tbody>\n<tbody>\n<tr>\n<td>Vol.<\/td>\n<td>\n<div class=\"vc_progress_bar wpb_content_element\">\n<div class=\"vc_general vc_single_bar\">\n<div class=\"vc_label\">13.0%<\/div>\n<\/div>\n<\/div>\n<\/td>\n<\/tr>\n<tr>\n<td>Conservation<\/td>\n<td>\n<div class=\"vc_progress_bar wpb_content_element\">\n<div class=\"vc_general vc_single_bar\">\n<div class=\"vc_label\">10 Ans<\/div>\n<\/div>\n<\/div>\n<\/td>\n<\/tr>\n<tr>\n<td>Type de vin<\/td>\n<td>\n<div class=\"vc_progress_bar wpb_content_element\">\n<div class=\"vc_general vc_single_bar\">\n<div class=\"vc_label\">Sec<\/div>\n<\/div>\n<\/div>\n<\/td>\n<\/tr>\n<tr>\n<td>Caract\u00e8ristique<\/td>\n<td>\n<div class=\"vc_progress_bar wpb_content_element\">\n<div class=\"vc_general vc_single_bar\">\n<div class=\"vc_label\">Ar\u00f4me<\/div>\n<\/div>\n<\/div>\n<\/td>\n<\/tr>\n<\/tbody>\n<\/table>\n","protected":false},"featured_media":616,"comment_status":"open","ping_status":"closed","template":"","meta":[],"product_brand":[],"product_cat":[24],"product_tag":[83,91],"class_list":{"0":"post-609","1":"product","2":"type-product","3":"status-publish","4":"has-post-thumbnail","6":"product_cat-vins-rouges-biologique","7":"product_tag-red-wine","8":"product_tag-domaine-des-hauts-traversiers","10":"first","11":"instock","12":"shipping-taxable","13":"purchasable","14":"product-type-simple"},"translation":{"provider":"WPGlobus","version":"3.0.2","language":"fr","enabled_languages":["en","de","fr"],"languages":{"en":{"title":true,"content":true,"excerpt":true},"de":{"title":false,"content":true,"excerpt":true},"fr":{"title":false,"content":true,"excerpt":true}}},"_links":{"self":[{"href":"https:\/\/arbiovins.com\/fr\/wp-json\/wp\/v2\/product\/609","targetHints":{"allow":["GET"]}}],"collection":[{"href":"https:\/\/arbiovins.com\/fr\/wp-json\/wp\/v2\/product"}],"about":[{"href":"https:\/\/arbiovins.com\/fr\/wp-json\/wp\/v2\/types\/product"}],"replies":[{"embeddable":true,"href":"https:\/\/arbiovins.com\/fr\/wp-json\/wp\/v2\/comments?post=609"}],"wp:featuredmedia":[{"embeddable":true,"href":"https:\/\/arbiovins.com\/fr\/wp-json\/wp\/v2\/media\/616"}],"wp:attachment":[{"href":"https:\/\/arbiovins.com\/fr\/wp-json\/wp\/v2\/media?parent=609"}],"wp:term":[{"taxonomy":"product_brand","embeddable":true,"href":"https:\/\/arbiovins.com\/fr\/wp-json\/wp\/v2\/product_brand?post=609"},{"taxonomy":"product_cat","embeddable":true,"href":"https:\/\/arbiovins.com\/fr\/wp-json\/wp\/v2\/product_cat?post=609"},{"taxonomy":"product_tag","embeddable":true,"href":"https:\/\/arbiovins.com\/fr\/wp-json\/wp\/v2\/product_tag?post=609"}],"curies":[{"name":"wp","href":"https:\/\/api.w.org\/{rel}","templated":true}]}}