{"id":450,"date":"2018-02-16T18:48:37","date_gmt":"2018-02-16T17:48:37","guid":{"rendered":"https:\/\/arbiovins.com\/?post_type=product&#038;p=450"},"modified":"2024-05-16T20:01:57","modified_gmt":"2024-05-16T18:01:57","slug":"gourmandise-blanc","status":"publish","type":"product","link":"https:\/\/arbiovins.com\/fr\/shop\/gourmandise-blanc\/","title":{"rendered":"Gourmandise Blanc 2021"},"content":{"rendered":"<div id=\"dslc-theme-content\"><div id=\"dslc-theme-content-inner\"><div id=\"div-desktop\">\n<section>\n<div class=\"float half\" style=\"margin-bottom: 1em; border-radius: 0.5em; padding: -1em; box-sizing: border-box; width: 50%; float: left; overflow: hidden;\"><img decoding=\"async\" class=\"image\" style=\"display: block; max-width: 100%; max-height: 100%; margin-left: auto; margin-right: auto;\" src=\"https:\/\/arbiovins.com\/wp-content\/uploads\/2018\/01\/girlholdingglass_960_square.jpg\" alt=\"\" width=\"auto\" height=\"auto\" \/><\/div>\n<div class=\"float half lio\" style=\"margin-bottom: 1em; border-radius: 0.5em; padding: 10px; box-sizing: border-box; width: 50%; float: left; overflow: hidden;\">\n<h3 style=\"-webkit-font-smoothing: antialiased; font-size: 12px; margin-bottom: 0px; padding: 0px; border: 0px; color: #1c1d23; font-family: proxima-nova, sans-serif; font-stretch: inherit; vertical-align: baseline; text-transform: uppercase; letter-spacing: 0.2em; line-height: 2.2em !important;\">ALLER PLUS LOIN<\/h3>\n<h2 style=\"-webkit-font-smoothing: antialiased; margin-bottom: 0px; padding: 0px; border: 0px; font-weight: 400; line-height: 1em; color: #1c1d23; font-family: 'Abril Fatface'; font-stretch: inherit; vertical-align: baseline; text-transform: capitalize; font-size: 48px !important;\">Notes de d\u00e9gustation<\/h2>\n<p>&nbsp;<\/p>\n<p style=\"-webkit-font-smoothing: antialiased; font-size: inherit; margin-bottom: 0px; padding: 1em; border: 3px solid #ccc; font-family: inherit; font-style: inherit; font-variant-caps: inherit; font-stretch: inherit; line-height: inherit; vertical-align: baseline; border-radius: 3em .7em 2em .7em\/.7em 2em .7em 3em;\">R\u00e9colte m\u00e9canique de nuit. Enzymage et mac\u00e9ration pelliculaire \u00e0 froid. Pressurage pneumatique \u00e0 faible pression : 0.2 bar.<br \/>\nD\u00e9bourbage \u00e0 basse temp\u00e9rature 8\u00b0C. Fermentation sous contr\u00f4le des temp\u00e9ratures.<br \/>\nMise en bouteille pr\u00e9coce pour pr\u00e9server la fra\u00eecheur aromatique.<br \/>\nRobe brillante tr\u00e8s p\u00e2le aux reflets verts.<br \/>\nComplexe, \u00e9l\u00e9gant avec des notes d\u2019agrumes et de p\u00eache blanche.<br \/>\nToute en fra\u00eecheur et en finesse avec de la douceur, finale longue : agrume et p\u00eache blanche.<\/p>\n<\/div>\n<div id=\"content\" style=\"margin-bottom: 1em; border-radius: 0.5em; padding: -1em; box-sizing: border-box; width: 45%;\">\n<p>&nbsp;<\/p>\n<\/div>\n<div class=\"float half lio\" style=\"margin-bottom: 1em; border-radius: 0.5em; padding: 10px; box-sizing: border-box; width: 50%; float: left; overflow: hidden;\">\n<h3 style=\"-webkit-font-smoothing: antialiased; font-size: 12px; margin-bottom: 0px; padding: 0px; border: 0px; line-height: 12px; color: #1c1d23; font-family: proxima-nova, sans-serif; font-stretch: inherit; vertical-align: baseline; text-transform: uppercase; letter-spacing: 0.2em; text-align: right;\">FRANCE<\/h3>\n<h2 style=\"-webkit-font-smoothing: antialiased; margin-bottom: 0px; padding: 0px; border: 0px; font-weight: 400; line-height: 1em; color: #1c1d23; font-family: 'Abril Fatface'; font-stretch: inherit; vertical-align: baseline; font-size: 48px !important; text-align: right;\">Languedoc-Roussillon<\/h2>\n<p>&nbsp;<\/p>\n<p style=\"-webkit-font-smoothing: antialiased; font-size: inherit; margin-bottom: 0px; padding: 1em; border: 3px solid #ccc; font-family: inherit; font-style: inherit; font-variant-caps: inherit; font-stretch: inherit; line-height: inherit; vertical-align: baseline; text-align: right; border-radius: 3em .7em 2em .7em\/.7em 2em .7em 3em;\">Le Languedoc-Roussillon est la plus grande r\u00e9gion viticole de France avec pr\u00e8s d'un quart de la production nationale totale. La r\u00e9gion est situ\u00e9e dans le sud, dans la partie occidentale de la mer M\u00e9diterran\u00e9e de la fronti\u00e8re espagnole vers Montpellier. Le Languedoc-Roussillon montre des progr\u00e8s significatifs dans la qualit\u00e9 de ses vins.<\/p>\n<\/div>\n<div class=\"float half\" style=\"margin-bottom: 1em; border-radius: 0.5em; padding: -1em; box-sizing: border-box; width: 50%; float: left; overflow: hidden;\"><img decoding=\"async\" class=\"image\" style=\"display: block; max-width: 100%; max-height: 100%; margin-left: auto; margin-right: auto;\" src=\"https:\/\/arbiovins.com\/wp-content\/uploads\/2018\/01\/map_france_region_languedocroussillon_square.jpg\" alt=\"\" width=\"auto\" height=\"auto\" \/><\/div>\n<div id=\"content\" style=\"margin-bottom: 1em; border-radius: 0.5em; padding: -1em; box-sizing: border-box; width: 45%;\">\n<p>&nbsp;<\/p>\n<\/div>\n<div class=\"float half\" style=\"margin-bottom: 1em; border-radius: 0.5em; padding: -1em; box-sizing: border-box; width: 50%; float: left; overflow: hidden;\"><img decoding=\"async\" class=\"image\" style=\"display: block; max-width: 100%; max-height: 100%; margin-left: auto; margin-right: auto;\" src=\"https:\/\/arbiovins.com\/wp-content\/uploads\/2018\/02\/IMG_0590-1200-jpg100-2-2.jpg\" alt=\"\" width=\"auto\" height=\"auto\" \/><\/div>\n<div class=\"float half lio\" style=\"margin-bottom: 1em; border-radius: 0.5em; padding: 10px; box-sizing: border-box; width: 50%; float: left; overflow: hidden;\">\n<h3 style=\"box-sizing: border-box; -webkit-font-smoothing: antialiased; font-size: 12px; margin: 0px; padding: 0px; border: 0px; font-style: inherit; font-weight: 600; line-height: 2.2em !important; color: #1c1d23; font-family: inherit; font-variant-caps: inherit; font-stretch: inherit; vertical-align: baseline; text-transform: uppercase; letter-spacing: 0.2em; text-align: left;\">CLIMAT M\u00c9DITERRAN\u00c9EN<\/h3>\n<h2 style=\"box-sizing: border-box; -webkit-font-smoothing: antialiased; font-size: 48px !important; margin: 0px; padding: 0px; border: 0px; font-style: normal; font-weight: 400; line-height: 1em; color: #1c1d23; font-family: 'Abril Fatface'; font-variant-caps: normal; font-stretch: inherit; vertical-align: baseline; letter-spacing: normal; orphans: auto; text-indent: 0px; text-transform: none; white-space: normal; widows: auto; word-spacing: 0px; -webkit-text-size-adjust: auto; -webkit-text-stroke-width: 0px; text-align: left;\">Domaine Saint Jean de l\u2019Arbousier<\/h2>\n<p>&nbsp;<\/p>\n<p style=\"-webkit-font-smoothing: antialiased; font-size: inherit; margin-bottom: 0px; padding: 1em; border: 3px solid #ccc; font-family: inherit; font-style: inherit; font-variant-caps: inherit; font-stretch: inherit; line-height: inherit; vertical-align: baseline; border-radius: 3em .7em 2em .7em\/.7em 2em .7em 3em;\">A mi-chemin entre N\u00eemes et Montpellier, le Domaine Saint Jean de l\u2019Arbousier est situ\u00e9 sur les hauteurs du village de Castries, entre vigne, mer et montagne. Cette ancienne propri\u00e9t\u00e9 des Templiers datant de 1235, appartient \u00e0 la famille depuis 4 g\u00e9n\u00e9rations. D\u2019une superficie de 110 ha, le Domaine abrite un vignoble de 40ha, ceintur\u00e9 par les arbousiers et les pins parasols.<br \/>\nC\u2019est toute une famille, de g\u00e9n\u00e9ration en g\u00e9n\u00e9ration, unie autour de la passion de la vigne et du vin, qui partage son savoir faire au quotidien, afin de promouvoir le domaine familial.<\/p>\n<\/div>\n<\/section>\n<\/div>\n<div id=\"div-mobile\">\n<section>\n<h3 style=\"-webkit-font-smoothing: antialiased; font-size: 12px; margin-bottom: 0px; padding: 0px; border: 0px; color: #1c1d23; font-family: proxima-nova, sans-serif; font-stretch: inherit; vertical-align: baseline; text-transform: uppercase; letter-spacing: 0.2em; line-height: 2.2em !important;\">ALLER PLUS LOIN<\/h3>\n<h2 style=\"-webkit-font-smoothing: antialiased; margin-bottom: 0px; padding: 0px; border: 0px; font-weight: 400; line-height: 1em; color: #1c1d23; font-family: 'Abril Fatface'; font-stretch: inherit; vertical-align: baseline; text-transform: capitalize; font-size: 44px !important;\">Notes de d\u00e9gustation<\/h2>\n<p><img decoding=\"async\" class=\"image\" style=\"display: block; max-width: 100%; max-height: 100%; margin-left: auto; margin-right: auto;\" src=\"https:\/\/arbiovins.com\/wp-content\/uploads\/2018\/01\/girlholdingglass_960_square.jpg\" alt=\"\" width=\"auto\" height=\"auto\" \/><\/p>\n<p style=\"-webkit-font-smoothing: antialiased; font-size: inherit; margin-bottom: 0px; padding: 1em; border: 3px solid #ccc; font-family: inherit; font-style: inherit; font-variant-caps: inherit; font-stretch: inherit; line-height: inherit; vertical-align: baseline; border-radius: 3em .7em 2em .7em\/.7em 2em .7em 3em;\">R\u00e9colte m\u00e9canique de nuit. Enzymage et mac\u00e9ration pelliculaire \u00e0 froid. Pressurage pneumatique \u00e0 faible pression : 0.2 bar.<br \/>\nD\u00e9bourbage \u00e0 basse temp\u00e9rature 8\u00b0C. Fermentation sous contr\u00f4le des temp\u00e9ratures.<br \/>\nMise en bouteille pr\u00e9coce pour pr\u00e9server la fra\u00eecheur aromatique.<br \/>\nRobe brillante tr\u00e8s p\u00e2le aux reflets verts.<br \/>\nComplexe, \u00e9l\u00e9gant avec des notes d\u2019agrumes et de p\u00eache blanche.<br \/>\nToute en fra\u00eecheur et en finesse avec de la douceur, finale longue : agrume et p\u00eache blanche.<\/p>\n<p>&nbsp;<\/p>\n<h3 style=\"-webkit-font-smoothing: antialiased; font-size: 12px; margin-bottom: 0px; padding: 0px; border: 0px; line-height: 12px; color: #1c1d23; font-family: proxima-nova, sans-serif; font-stretch: inherit; vertical-align: baseline; text-transform: uppercase; letter-spacing: 0.2em; text-align: left;\">FRANCE<\/h3>\n<h2 style=\"-webkit-font-smoothing: antialiased; margin-bottom: 0px; padding: 0px; border: 0px; font-weight: 400; line-height: 1em; color: #1c1d23; font-family: 'Abril Fatface'; font-stretch: inherit; vertical-align: baseline; font-size: 44px !important; text-align: left;\">Languedoc-Roussillon<\/h2>\n<p><img decoding=\"async\" class=\"image\" style=\"display: block; max-width: 100%; max-height: 100%; margin-left: auto; margin-right: auto;\" src=\"https:\/\/arbiovins.com\/wp-content\/uploads\/2018\/01\/map_france_region_languedocroussillon_square.jpg\" alt=\"\" width=\"auto\" height=\"auto\" \/><\/p>\n<p style=\"-webkit-font-smoothing: antialiased; font-size: inherit; margin-bottom: 0px; padding: 1em; border: 3px solid #ccc; font-family: inherit; font-style: inherit; font-variant-caps: inherit; font-stretch: inherit; line-height: inherit; vertical-align: baseline; text-align: left; border-radius: 3em .7em 2em .7em\/.7em 2em .7em 3em;\">Le Languedoc-Roussillon est la plus grande r\u00e9gion viticole de France avec pr\u00e8s d'un quart de la production nationale totale. La r\u00e9gion est situ\u00e9e dans le sud, dans la partie occidentale de la mer M\u00e9diterran\u00e9e de la fronti\u00e8re espagnole vers Montpellier. Le Languedoc-Roussillon montre des progr\u00e8s significatifs dans la qualit\u00e9 de ses vins.<\/p>\n<p>&nbsp;<\/p>\n<h3 style=\"box-sizing: border-box; -webkit-font-smoothing: antialiased; font-size: 12px; margin: 0px; padding: 0px; border: 0px; font-style: inherit; font-weight: 600; line-height: 2.2em !important; color: #1c1d23; font-family: inherit; font-variant-caps: inherit; font-stretch: inherit; vertical-align: baseline; text-transform: uppercase; letter-spacing: 0.2em; text-align: left;\">CLIMAT M\u00c9DITERRAN\u00c9EN<\/h3>\n<h2 style=\"box-sizing: border-box; -webkit-font-smoothing: antialiased; font-size: 44px !important; margin: 0px; padding: 0px; border: 0px; font-style: normal; font-weight: 400; line-height: 1em; color: #1c1d23; font-family: 'Abril Fatface'; font-variant-caps: normal; font-stretch: inherit; vertical-align: baseline; letter-spacing: normal; orphans: auto; text-indent: 0px; text-transform: none; white-space: normal; widows: auto; word-spacing: 0px; -webkit-text-size-adjust: auto; -webkit-text-stroke-width: 0px; text-align: left;\">Domaine Saint Jean de l\u2019Arbousier<\/h2>\n<p><img decoding=\"async\" class=\"image\" style=\"display: block; max-width: 100%; max-height: 100%; margin-left: auto; margin-right: auto;\" src=\"https:\/\/arbiovins.com\/wp-content\/uploads\/2018\/02\/IMG_0590-1200-jpg100-2-2.jpg\" alt=\"\" width=\"auto\" height=\"auto\" \/><\/p>\n<p style=\"-webkit-font-smoothing: antialiased; font-size: inherit; margin-bottom: 0px; padding: 1em; border: 3px solid #ccc; font-family: inherit; font-style: inherit; font-variant-caps: inherit; font-stretch: inherit; line-height: inherit; vertical-align: baseline; border-radius: 3em .7em 2em .7em\/.7em 2em .7em 3em;\">A mi-chemin entre N\u00eemes et Montpellier, le Domaine Saint Jean de l\u2019Arbousier est situ\u00e9 sur les hauteurs du village de Castries, entre vigne, mer et montagne. Cette ancienne propri\u00e9t\u00e9 des Templiers datant de 1235, appartient \u00e0 la famille depuis 4 g\u00e9n\u00e9rations. D\u2019une superficie de 110 ha, le Domaine abrite un vignoble de 40ha, ceintur\u00e9 par les arbousiers et les pins parasols.<br \/>\nC\u2019est toute une famille, de g\u00e9n\u00e9ration en g\u00e9n\u00e9ration, unie autour de la passion de la vigne et du vin, qui partage son savoir faire au quotidien, afin de promouvoir le domaine familial.<\/p>\n<\/section>\n<\/div>\n<\/div><\/div>","protected":false},"excerpt":{"rendered":"<p>&nbsp;<\/p>\n<table class=\"arbio-table_attributes\">\n<tbody>\n<tr>\n<td>arbio score<\/td>\n<td class=\"score\">88\/100<\/td>\n<\/tr>\n<p><!--\n\n\n<tr>\n\n\n<td><a href=\"https:\/\/arbiovins.com\/shop\/domaine-de-saint-jean-de-larbousier-2015\/#tab-reviews\">\navis des acheteurs\n<\/a><\/td>\n\n\n\n\n<td>\n\n\n<div class=\"star-rating\"><span style=\"width: 0%;\">\n<strong class=\"rating\">0.00<\/strong> out of 5 based on <span class=\"rating\">0<\/span> customer ratings <\/span><\/div>\n\n\n&nbsp;<\/td>\n\n\n<\/tr>\n\n\n--><\/tbody>\n<tbody>\n<tr>\n<td>Accords mets<\/td>\n<td>\n<ul class=\"arbio-icons_list\">\n<li>\n<div><span class=\"icon\"><img decoding=\"async\" src=\"https:\/\/arbiovins.com\/wp-content\/themes\/bistro\/assets\/icons\/food_pairing\/foodpairing_shellfish.svg\" alt=\"Hard cheese\" \/><\/span><span class=\"name\">Fromage \u00e0 pate dure<\/span><\/div>\n<\/li>\n<li>\n<div><span class=\"icon\"><img decoding=\"async\" src=\"https:\/\/arbiovins.com\/wp-content\/themes\/bistro\/assets\/icons\/food_pairing\/foodpairing_other-fish.svg\" alt=\"Red Meat\" \/><\/span><span class=\"name\">Viande rouge<\/span><\/div>\n<\/li>\n<li>\n<div><span class=\"icon\"><img decoding=\"async\" src=\"https:\/\/arbiovins.com\/wp-content\/themes\/bistro\/assets\/icons\/food_pairing\/foodpairing_vegeterian.svg\" alt=\"Vegetarian\" \/><\/span><span class=\"name\">V\u00e9g\u00e9tarien<\/span><\/div>\n<\/li>\n<\/ul>\n<\/td>\n<\/tr>\n<tr>\n<td>Aromes<\/td>\n<td>\n<div><span class=\"icon\"><img decoding=\"async\" src=\"https:\/\/arbiovins.com\/wp-content\/themes\/bistro\/assets\/icons\/aromas\/aroma_herbal.svg\" alt=\"Herbal\" \/><\/span><span class=\"name\">Ar\u00f4mes de v\u00e9g\u00e9taux<\/span><\/div>\n<ul class=\"arbio-icons_list\">\n<li>\n<div><span class=\"icon\"><img decoding=\"async\" src=\"https:\/\/arbiovins.com\/wp-content\/themes\/bistro\/assets\/icons\/aromas\/aroma_spices.svg\" alt=\"Spices\" \/><\/span><span class=\"name\">Epic\u00e9<\/span><\/div>\n<\/li>\n<\/ul>\n<\/td>\n<\/tr>\n<\/tbody>\n<tbody>\n<tr>\n<td>C\u00e8page<\/td>\n<td>\n<p class=\"grape-variety-item\">Marsanne, Roussane, Grenache blanc, Vermentino et le Viognier.<\/p>\n<\/td>\n<\/tr>\n<tr>\n<td>production<\/td>\n<td><a href=\"\/shop\/?filter_origin=Biologique\">Biologique<\/a><\/td>\n<\/tr>\n<\/tbody>\n<tbody>\n<tr>\n<td>Vol.<\/td>\n<td>\n<div class=\"vc_progress_bar wpb_content_element\">\n<div class=\"vc_general vc_single_bar\"><\/div>\n<div class=\"vc_label\">14.0%<\/div>\n<\/div>\n<\/td>\n<\/tr>\n<tr>\n<td>Conservation<\/td>\n<td>\n<div class=\"vc_progress_bar wpb_content_element\">\n<div class=\"vc_general vc_single_bar\"><\/div>\n<div class=\"vc_label\">4 Ans<\/div>\n<\/div>\n<\/td>\n<\/tr>\n<tr>\n<td>Type de vin<\/td>\n<td>\n<div class=\"vc_progress_bar wpb_content_element\">\n<div class=\"vc_general vc_single_bar\"><\/div>\n<div class=\"vc_label\">Sec<\/div>\n<\/div>\n<\/td>\n<\/tr>\n<tr>\n<td>Caract\u00e8ristique<\/td>\n<td>\n<div class=\"vc_progress_bar wpb_content_element\">\n<div class=\"vc_general vc_single_bar\"><\/div>\n<div class=\"vc_label\">Ar\u00f4me<\/div>\n<\/div>\n<\/td>\n<\/tr>\n<\/tbody>\n<\/table>\n","protected":false},"featured_media":543,"comment_status":"open","ping_status":"closed","template":"","meta":[],"product_brand":[],"product_cat":[23],"product_tag":[82,84],"class_list":{"0":"post-450","1":"product","2":"type-product","3":"status-publish","4":"has-post-thumbnail","6":"product_cat-vins-blancs-biologique","7":"product_tag-white-wine","8":"product_tag-domaine-saint-jean-de-larbousier","10":"first","11":"outofstock","12":"shipping-taxable","13":"purchasable","14":"product-type-simple"},"translation":{"provider":"WPGlobus","version":"3.0.2","language":"fr","enabled_languages":["en","de","fr"],"languages":{"en":{"title":true,"content":true,"excerpt":true},"de":{"title":false,"content":true,"excerpt":true},"fr":{"title":false,"content":true,"excerpt":true}}},"_links":{"self":[{"href":"https:\/\/arbiovins.com\/fr\/wp-json\/wp\/v2\/product\/450","targetHints":{"allow":["GET"]}}],"collection":[{"href":"https:\/\/arbiovins.com\/fr\/wp-json\/wp\/v2\/product"}],"about":[{"href":"https:\/\/arbiovins.com\/fr\/wp-json\/wp\/v2\/types\/product"}],"replies":[{"embeddable":true,"href":"https:\/\/arbiovins.com\/fr\/wp-json\/wp\/v2\/comments?post=450"}],"wp:featuredmedia":[{"embeddable":true,"href":"https:\/\/arbiovins.com\/fr\/wp-json\/wp\/v2\/media\/543"}],"wp:attachment":[{"href":"https:\/\/arbiovins.com\/fr\/wp-json\/wp\/v2\/media?parent=450"}],"wp:term":[{"taxonomy":"product_brand","embeddable":true,"href":"https:\/\/arbiovins.com\/fr\/wp-json\/wp\/v2\/product_brand?post=450"},{"taxonomy":"product_cat","embeddable":true,"href":"https:\/\/arbiovins.com\/fr\/wp-json\/wp\/v2\/product_cat?post=450"},{"taxonomy":"product_tag","embeddable":true,"href":"https:\/\/arbiovins.com\/fr\/wp-json\/wp\/v2\/product_tag?post=450"}],"curies":[{"name":"wp","href":"https:\/\/api.w.org\/{rel}","templated":true}]}}