{"id":2,"date":"2017-12-18T18:27:37","date_gmt":"2017-12-18T18:27:37","guid":{"rendered":"https:\/\/arbiovins.com\/?page_id=2"},"modified":"2017-12-20T14:57:21","modified_gmt":"2017-12-20T13:57:21","slug":"sample-page","status":"publish","type":"page","link":"https:\/\/arbiovins.com\/fr\/sample-page\/","title":{"rendered":"Guide"},"content":{"rendered":"<div id=\"dslc-theme-content\"><div id=\"dslc-theme-content-inner\"><h2>LE VIN BIOLOGIQUE<\/h2>\n<p>Le vin biologique existe officiellement depuis tr\u00e8s peu de temps (2012). Avant, il ne prenait en compte que la viticulture et non la vinification. Cette d\u00e9marche oblige dor\u00e9navant \u00e0 n\u2019ajouter aucun traitement synth\u00e9tique et d\u2019insecticide dans les vignes et, depuis peu, propose \u00e0 r\u00e9duire (tr\u00e8s l\u00e9g\u00e8rement) les intrants lors de la vinification. Par contre, elle autorise l\u2019acidification, la d\u00e9sacidification, le traitement thermique, l\u2019ajout de tanins, l\u2019ajout de copeaux de bois, de soufre, les levures industriels\u2026<\/p>\n<h2>LE VIN BIODYNAMIQUE<\/h2>\n<p>Le vin biodynamique pousse la d\u00e9marche des vins bio encore plus loin. Les vignerons qui utilisent cette m\u00e9thode essaie d\u2019intensifier la vie du sol afin qu\u2019il y ait un meilleur \u00e9change entre la terre et la plante. Pour cela, ils se servent de pr\u00e9parations \u00e0 base de plantes qu\u2019ils infusent, dynamisent o\u00f9 mac\u00e8rent afin d\u2019aider la vigne \u00e0 se renforcer et \u00e0 mieux se d\u00e9velopper (une sorte de traitement hom\u00e9opathique de pr\u00e9vention). Ils utilisent aussi le calendrier lunaire afin que la plante, le sol et les influences lunaires se combinent au mieux. C\u2019est un penseur et philosophe, Rudolf Steiner (1861-1925) qui instaura les bases de cette mouvance aussi appel\u00e9 anthroposophie.<\/p>\n<p>On y autorise le collage du vin et la filtration, la chaptalisation (ajout de sucre) uniquement pour les p\u00e9tillants, mais par contre l\u2019utilisation de dose de soufre plus basse que les vins bio.<\/p>\n<h2>LE VIN NATUREL<\/h2>\n<p>Le vin naturel combine donc ces deux m\u00e9thodes mais va encore plus loin en autorisant aucun intrants ni techniques visant \u00e0 modifier le jus originel, mis \u00e0 part le soufre\u2026 Il existe aussi une autre section dans les vins naturels encore plus \u00ab\u00a0jusqu\u2019au boutiste\u00a0\u00bb, les vins Sans Aucun Intrants Ni Sulfites (S.A.I.N.S).<\/p>\n<p>Voici ci-dessous un exemple de la diff\u00e9rence entre ces d\u00e9marches :<\/p>\n<ul>\n<li>Vin conventionnels rouge normes E.U : 160 mg\/litre de soufre<\/li>\n<li>Vin rouge issu de l\u2019Agriculture Biologique : 100 mg\/litre de soufre<\/li>\n<li>Vin rouge Demeter (biodynamique) : 70 mg\/litre de soufre<\/li>\n<li>Vin rouge Association des Vins Naturels : 30 mg\/litre de soufre<\/li>\n<\/ul>\n<p>&nbsp;<\/p>\n<p>Une image tr\u00e8s repr\u00e9sentative des diff\u00e9rents ajouts qui sont possibles selon les normes, r\u00e9alis\u00e9e par l\u2019association des vins S.A.I.N.S :<\/p>\n<p>&nbsp;<\/p>\n<p><a href=\"https:\/\/arbiovins.com\/wp-content\/uploads\/2017\/12\/Visuel-Le-Vin-light.jpg\"><img loading=\"lazy\" decoding=\"async\" class=\"aligncenter size-large wp-image-63\" src=\"https:\/\/arbiovins.com\/wp-content\/uploads\/2017\/12\/Affiche_definitive_5_bouteilles_2-2-2-1024x786.jpg\" alt=\"\" width=\"980\" height=\"752\" srcset=\"https:\/\/arbiovins.com\/wp-content\/uploads\/2017\/12\/Affiche_definitive_5_bouteilles_2-2-2-1024x786.jpg 1024w, https:\/\/arbiovins.com\/wp-content\/uploads\/2017\/12\/Affiche_definitive_5_bouteilles_2-2-2-324x249.jpg 324w, https:\/\/arbiovins.com\/wp-content\/uploads\/2017\/12\/Affiche_definitive_5_bouteilles_2-2-2-416x319.jpg 416w, https:\/\/arbiovins.com\/wp-content\/uploads\/2017\/12\/Affiche_definitive_5_bouteilles_2-2-2-300x230.jpg 300w, https:\/\/arbiovins.com\/wp-content\/uploads\/2017\/12\/Affiche_definitive_5_bouteilles_2-2-2-768x590.jpg 768w, https:\/\/arbiovins.com\/wp-content\/uploads\/2017\/12\/Affiche_definitive_5_bouteilles_2-2-2-150x115.jpg 150w, https:\/\/arbiovins.com\/wp-content\/uploads\/2017\/12\/Affiche_definitive_5_bouteilles_2-2-2.jpg 1214w\" sizes=\"auto, (max-width: 980px) 100vw, 980px\" \/><\/a><\/p>\n<\/div><\/div>","protected":false},"excerpt":{"rendered":"<p>LE VIN BIOLOGIQUE Le vin biologique existe officiellement depuis tr\u00e8s peu de temps (2012). Avant, il ne prenait en compte que la viticulture et non la vinification. Cette d\u00e9marche oblige dor\u00e9navant \u00e0 n\u2019ajouter aucun traitement synth\u00e9tique et d\u2019insecticide dans les vignes et, depuis peu, propose \u00e0 r\u00e9duire (tr\u00e8s l\u00e9g\u00e8rement) les intrants lors de la vinification. [&hellip;]<\/p>\n","protected":false},"author":1,"featured_media":0,"parent":0,"menu_order":0,"comment_status":"closed","ping_status":"open","template":"","meta":{"footnotes":""},"class_list":["post-2","page","type-page","status-publish","hentry"],"translation":{"provider":"WPGlobus","version":"3.0.2","language":"fr","enabled_languages":["en","de","fr"],"languages":{"en":{"title":true,"content":true,"excerpt":false},"de":{"title":true,"content":true,"excerpt":false},"fr":{"title":true,"content":true,"excerpt":false}}},"_links":{"self":[{"href":"https:\/\/arbiovins.com\/fr\/wp-json\/wp\/v2\/pages\/2","targetHints":{"allow":["GET"]}}],"collection":[{"href":"https:\/\/arbiovins.com\/fr\/wp-json\/wp\/v2\/pages"}],"about":[{"href":"https:\/\/arbiovins.com\/fr\/wp-json\/wp\/v2\/types\/page"}],"author":[{"embeddable":true,"href":"https:\/\/arbiovins.com\/fr\/wp-json\/wp\/v2\/users\/1"}],"replies":[{"embeddable":true,"href":"https:\/\/arbiovins.com\/fr\/wp-json\/wp\/v2\/comments?post=2"}],"version-history":[{"count":3,"href":"https:\/\/arbiovins.com\/fr\/wp-json\/wp\/v2\/pages\/2\/revisions"}],"predecessor-version":[{"id":66,"href":"https:\/\/arbiovins.com\/fr\/wp-json\/wp\/v2\/pages\/2\/revisions\/66"}],"wp:attachment":[{"href":"https:\/\/arbiovins.com\/fr\/wp-json\/wp\/v2\/media?parent=2"}],"curies":[{"name":"wp","href":"https:\/\/api.w.org\/{rel}","templated":true}]}}