{"id":737,"date":"2024-06-17T12:53:14","date_gmt":"2024-06-17T10:53:14","guid":{"rendered":"https:\/\/arbiovins.com\/?post_type=product&#038;p=737"},"modified":"2025-07-21T17:19:26","modified_gmt":"2025-07-21T15:19:26","slug":"chateau-beynat-aoc-castillon-cuvee-leonard-2022-1-2-litre","status":"publish","type":"product","link":"https:\/\/arbiovins.com\/de\/shop\/chateau-beynat-aoc-castillon-cuvee-leonard-2022-1-2-litre\/","title":{"rendered":"Ch\u00e2teau Beynat AOC Castillon Cuv\u00e9e L\u00e9onard 2022                      50 cl"},"content":{"rendered":"<div id=\"dslc-theme-content\"><div id=\"dslc-theme-content-inner\"><div id=\"div-desktop\">\n<section>\n<div class=\"float half\" style=\"margin-bottom: 1em; border-radius: 0.5em; padding: -1em; box-sizing: border-box; width: 50%; float: left; overflow: hidden;\"><img decoding=\"async\" class=\"image\" style=\"display: block; max-width: 100%; max-height: 100%; margin-left: auto; margin-right: auto;\" src=\"https:\/\/arbiovins.com\/wp-content\/uploads\/2018\/01\/girlholdingglass_960_square.jpg\" alt=\"\" width=\"auto\" height=\"auto\" \/><\/div>\n<div class=\"float half lio\" style=\"margin-bottom: 1em; border-radius: 0.5em; padding: 10px; box-sizing: border-box; width: 50%; float: left; overflow: hidden;\">\n<h3 style=\"-webkit-font-smoothing: antialiased; font-size: 12px; margin-bottom: 0px; padding: 0px; border: 0px; color: #1c1d23; font-family: proxima-nova, sans-serif; font-stretch: inherit; vertical-align: baseline; text-transform: uppercase; letter-spacing: 0.2em; line-height: 2.2em !important;\">WEITERGEHEN<\/h3>\n<h2 style=\"-webkit-font-smoothing: antialiased; margin-bottom: 0px; padding: 0px; border: 0px; font-weight: 400; line-height: 1em; color: #1c1d23; font-family: 'Abril Fatface'; font-stretch: inherit; vertical-align: baseline; text-transform: capitalize; font-size: 48px !important;\">Geschmacksnoten<\/h2>\n<p>&nbsp;<\/p>\n<\/div>\n<\/section>\n<p>&nbsp;<\/p>\n<section>\n<div class=\"float half lio\" style=\"margin-bottom: 1em; border-radius: 0.5em; padding: 10px; box-sizing: border-box; width: 50%; float: left; overflow: hidden;\">\n<p style=\"-webkit-font-smoothing: antialiased; font-size: inherit; margin-bottom: 0px; padding: 1em; border: 3px solid #ccc; font-family: inherit; font-style: inherit; font-variant-caps: inherit; font-stretch: inherit; line-height: inherit; vertical-align: baseline; border-radius: 3em .7em 2em .7em\/.7em 2em .7em 3em;\">Die L\u00e9onard-Cuv\u00e9e is eine strenge Selektion aus alten Merlot und Cabernet Sauvignon Reben.In einem reinen Gewand mit Karminroten Reflexen bietet eine kr\u00e4ftige R\u00f6stnote sowie Himbeere und Pflaumenmarmeladen.<\/p>\n<\/div>\n<div id=\"content\" style=\"margin-bottom: 1em; border-radius: 0.5em; padding: -1em; box-sizing: border-box; width: 45%;\"><\/div>\n<div class=\"float half lio\" style=\"margin-bottom: 1em; border-radius: 0.5em; padding: 10px; box-sizing: border-box; width: 50%; float: left; overflow: hidden;\">\n<h3 style=\"-webkit-font-smoothing: antialiased; font-size: 12px; margin-bottom: 0px; padding: 0px; border: 0px; line-height: 12px; color: #1c1d23; font-family: proxima-nova, sans-serif; font-stretch: inherit; vertical-align: baseline; text-transform: uppercase; letter-spacing: 0.2em; text-align: right;\">FRANCE<\/h3>\n<h2 style=\"-webkit-font-smoothing: antialiased; margin-bottom: 0px; padding: 0px; border: 0px; font-weight: 400; line-height: 1em; color: #1c1d23; font-family: 'Abril Fatface'; font-stretch: inherit; vertical-align: baseline; font-size: 48px !important; text-align: right;\">Bordeaux<\/h2>\n<p>&nbsp;<\/p>\n<p style=\"-webkit-font-smoothing: antialiased; font-size: inherit; margin-bottom: 0px; padding: 1em; border: 3px solid #ccc; font-family: inherit; font-style: inherit; font-variant-caps: inherit; font-stretch: inherit; line-height: inherit; vertical-align: baseline; text-align: right; border-radius: 3em .7em 2em .7em\/.7em 2em .7em 3em;\">ist eine Gemeinde im S\u00fcdwesten Frankreichs im D\u00e9partement Gironde und in der Region Nouvelle-Aquitaine.<\/p>\n<\/div>\n<div class=\"float half\" style=\"margin-bottom: 1em; border-radius: 0.5em; padding: -1em; box-sizing: border-box; width: 50%; float: left; overflow: hidden;\"><img decoding=\"async\" class=\"image\" style=\"display: block; max-width: 100%; max-height: 100%; margin-left: auto; margin-right: auto;\" src=\"https:\/\/arbiovins.com\/wp-content\/uploads\/2023\/07\/map_france_region_bordeaux_square.jpg\" alt=\"\" width=\"auto\" height=\"auto\" \/><\/div>\n<div id=\"content\" style=\"margin-bottom: 1em; border-radius: 0.5em; padding: -1em; box-sizing: border-box; width: 45%;\"><\/div>\n<div class=\"float half\" style=\"margin-bottom: 1em; border-radius: 0.5em; padding: -1em; box-sizing: border-box; width: 50%; float: left; overflow: hidden;\"><img decoding=\"async\" class=\"image\" style=\"display: block; max-width: 100%; max-height: 100%; margin-left: auto; margin-right: auto;\" src=\"https:\/\/arbiovins.com\/wp-content\/uploads\/2023\/07\/IMG_5601-scaled.jpeg\" alt=\"\" width=\"auto\" height=\"auto\" \/><\/div>\n<div class=\"float half lio\" style=\"margin-bottom: 1em; border-radius: 0.5em; padding: 10px; box-sizing: border-box; width: 50%; float: left; overflow: hidden;\">\n<h3 style=\"box-sizing: border-box; -webkit-font-smoothing: antialiased; font-size: 12px; margin: 0px; padding: 0px; border: 0px; font-style: inherit; font-weight: 600; line-height: 2.2em !important; color: #1c1d23; font-family: inherit; font-variant-caps: inherit; font-stretch: inherit; vertical-align: baseline; text-transform: uppercase; letter-spacing: 0.2em; text-align: left;\">MODERATE WARME MEDITERRANE KLIMA<\/h3>\n<h2 style=\"box-sizing: border-box; -webkit-font-smoothing: antialiased; font-size: 48px !important; margin: 0px; padding: 0px; border: 0px; font-style: normal; font-weight: 400; line-height: 1em; color: #1c1d23; font-family: 'Abril Fatface'; font-variant-caps: normal; font-stretch: inherit; vertical-align: baseline; letter-spacing: normal; orphans: auto; text-indent: 0px; text-transform: none; white-space: normal; widows: auto; word-spacing: 0px; -webkit-text-size-adjust: auto; -webkit-text-stroke-width: 0px; text-align: left;\">Domaine Beynat<\/h2>\n<p>&nbsp;<\/p>\n<p style=\"-webkit-font-smoothing: antialiased; font-size: inherit; margin-bottom: 0px; padding: 1em; border: 3px solid #ccc; font-family: inherit; font-style: inherit; font-variant-caps: inherit; font-stretch: inherit; line-height: inherit; vertical-align: baseline; border-radius: 3em .7em 2em .7em\/.7em 2em .7em 3em;\">Im Jahr 1874 erw\u00e4hnte Le F\u00e9ret Beynat als eine der Hauptbesitzt\u00fcmer von Saint Magne de Castillon.<\/p>\n<\/div>\n<\/section>\n<\/div>\n<div id=\"div-mobile\">\n<section>\n<h3 style=\"-webkit-font-smoothing: antialiased; font-size: 12px; margin-bottom: 0px; padding: 0px; border: 0px; color: #1c1d23; font-family: proxima-nova, sans-serif; font-stretch: inherit; vertical-align: baseline; text-transform: uppercase; letter-spacing: 0.2em; line-height: 2.2em !important;\">WEITERGEHEN<\/h3>\n<h2 style=\"-webkit-font-smoothing: antialiased; margin-bottom: 0px; padding: 0px; border: 0px; font-weight: 400; line-height: 1em; color: #1c1d23; font-family: 'Abril Fatface'; font-stretch: inherit; vertical-align: baseline; text-transform: capitalize; font-size: 44px !important;\">Geschmacksnoten<\/h2>\n<p><img decoding=\"async\" class=\"image\" style=\"display: block; max-width: 100%; max-height: 100%; margin-left: auto; margin-right: auto;\" src=\"https:\/\/arbiovins.com\/wp-content\/uploads\/2018\/01\/girlholdingglass_960_square.jpg\" alt=\"\" width=\"auto\" height=\"auto\" \/><\/p>\n<p style=\"-webkit-font-smoothing: antialiased; font-size: inherit; margin-bottom: 0px; padding: 1em; border: 3px solid #ccc; font-family: inherit; font-style: inherit; font-variant-caps: inherit; font-stretch: inherit; line-height: inherit; vertical-align: baseline; border-radius: 3em .7em 2em .7em\/.7em 2em .7em 3em;\">Die L\u00e9onard-Cuv\u00e9e ist eine strenge Selection aus alten Merlot und Cabernet SauvignonReben.In einem reine Gewand mit Karminroten Reflexen bietet sie eine Kr\u00e4ftige R\u00f6stnote sowie, Himbeer und Pflaumenmarmelade.<\/p>\n<h3 style=\"-webkit-font-smoothing: antialiased; font-size: 12px; margin-bottom: 0px; padding: 0px; border: 0px; line-height: 12px; color: #1c1d23; font-family: proxima-nova, sans-serif; font-stretch: inherit; vertical-align: baseline; text-transform: uppercase; letter-spacing: 0.2em; text-align: left;\">FRANCE<\/h3>\n<h2 style=\"-webkit-font-smoothing: antialiased; margin-bottom: 0px; padding: 0px; border: 0px; font-weight: 400; line-height: 1em; color: #1c1d23; font-family: 'Abril Fatface'; font-stretch: inherit; vertical-align: baseline; font-size: 44px !important; text-align: left;\">Bordeaux<\/h2>\n<p><img decoding=\"async\" class=\"image\" style=\"display: block; max-width: 100%; max-height: 100%; margin-left: auto; margin-right: auto;\" src=\"https:\/\/arbiovins.com\/wp-content\/uploads\/2023\/07\/map_france_region_bordeaux_square.jpg\" alt=\"\" width=\"auto\" height=\"auto\" \/><\/p>\n<p style=\"-webkit-font-smoothing: antialiased; font-size: inherit; margin-bottom: 0px; padding: 1em; border: 3px solid #ccc; font-family: inherit; font-style: inherit; font-variant-caps: inherit; font-stretch: inherit; line-height: inherit; vertical-align: baseline; text-align: left; border-radius: 3em .7em 2em .7em\/.7em 2em .7em 3em;\"><em>Saint<\/em>-<em>Magne-de-Castilloist eine Gemeinde im S\u00fcdwesten Frankreichs im D\u00e9partement Gironde und in der Region Nouvelle-Aquitaine.<\/em><\/p>\n<h3 style=\"box-sizing: border-box; -webkit-font-smoothing: antialiased; font-size: 12px; margin: 0px; padding: 0px; border: 0px; font-style: inherit; font-weight: 600; line-height: 2.2em !important; color: #1c1d23; font-family: inherit; font-variant-caps: inherit; font-stretch: inherit; vertical-align: baseline; text-transform: uppercase; letter-spacing: 0.2em; text-align: left;\">MODERATE TO WARM MEDITERRANEAN CLIMATE<\/h3>\n<h2 style=\"box-sizing: border-box; -webkit-font-smoothing: antialiased; font-size: 48px !important; margin: 0px; padding: 0px; border: 0px; font-style: normal; font-weight: 400; line-height: 1em; color: #1c1d23; font-family: 'Abril Fatface'; font-variant-caps: normal; font-stretch: inherit; vertical-align: baseline; letter-spacing: normal; orphans: auto; text-indent: 0px; text-transform: none; white-space: normal; widows: auto; word-spacing: 0px; -webkit-text-size-adjust: auto; -webkit-text-stroke-width: 0px; text-align: left;\">Domaine Beynat<\/h2>\n<p><img decoding=\"async\" class=\"image\" style=\"display: block; max-width: 100%; max-height: 100%; margin-left: auto; margin-right: auto;\" src=\"https:\/\/arbiovins.com\/wp-content\/uploads\/2023\/07\/IMG_5601-scaled.jpeg\" alt=\"\" width=\"auto\" height=\"auto\" \/><\/p>\n<p style=\"-webkit-font-smoothing: antialiased; font-size: inherit; margin-bottom: 0px; padding: 1em; border: 3px solid #ccc; font-family: inherit; font-style: inherit; font-variant-caps: inherit; font-stretch: inherit; line-height: inherit; vertical-align: baseline; border-radius: 3em .7em 2em .7em\/.7em 2em .7em 3em;\">Im Jahr 1874 erw\u00e4hnte Le F\u00e9ret Beynat als eine der Hauptbesitzt\u00fcmer von Saint Magne de Castillon.<\/p>\n<\/section>\n<\/div>\n<\/div><\/div>","protected":false},"excerpt":{"rendered":"<table class=\"arbio-table_attributes\">\n<tbody>\n<tr>\n<td>arbio score<\/td>\n<td class=\"score\">97\/100<\/td>\n<\/tr>\n<p><!--\n\n\n<tr>\n\n\n<td><a href=\"https:\/\/arbiovins.com\/shop\/domaine-de-saint-jean-de-larbousier-2015\/#tab-reviews\">\nK\u00e4ufer Bewertungen\n<\/a><\/td>\n\n\n\n\n<td>\n\n\n<div class=\"star-rating\"><span style=\"width: 0%;\">\n<strong class=\"rating\">0.00<\/strong> out of 5 based on <span class=\"rating\">0<\/span> customer ratings <\/span><\/div>\n\n\n&nbsp;<\/td>\n\n\n<\/tr>\n\n\n--><\/tbody>\n<tbody>\n<tr>\n<td>Essen Paarung<\/td>\n<td>\n<ul class=\"arbio-icons_list\">\n<li>\n<div><span class=\"icon\"><img decoding=\"async\" src=\"https:\/\/arbiovins.com\/wp-content\/themes\/bistro\/assets\/icons\/food_pairing\/foodpairing_hard-cheese.svg\" alt=\"Hard cheese\" \/><\/span><span class=\"name\">Hartk\u00e4se<\/span><\/div>\n<\/li>\n<li>\n<div><span class=\"icon\"><img decoding=\"async\" src=\"https:\/\/arbiovins.com\/wp-content\/themes\/bistro\/assets\/icons\/food_pairing\/foodpairing_red-meat.svg\" alt=\"Red Meat\" \/><\/span><span class=\"name\">Fleisch<\/span><\/div>\n<\/li>\n<li>\n<div><span class=\"icon\"><img decoding=\"async\" src=\"https:\/\/arbiovins.com\/wp-content\/themes\/bistro\/assets\/icons\/food_pairing\/foodpairing_vegeterian.svg\" alt=\"Vegetarian\" \/><\/span><span class=\"name\">Vegetarier<\/span><\/div>\n<\/li>\n<\/ul>\n<\/td>\n<\/tr>\n<tr>\n<td>aromas<\/td>\n<td>\n<ul class=\"arbio-icons_list\">\n<li>\n<div><span class=\"icon\"><img decoding=\"async\" src=\"https:\/\/arbiovins.com\/wp-content\/themes\/bistro\/assets\/icons\/aromas\/aroma_black-fruits.svg\" alt=\"Black Fruits\" \/><\/span><span class=\"name\">Fleich<\/span><\/div>\n<\/li>\n<li>\n<div><span class=\"icon\"><img decoding=\"async\" src=\"https:\/\/arbiovins.com\/wp-content\/themes\/bistro\/assets\/icons\/aromas\/aroma_herbal.svg\" alt=\"Herbal\" \/><\/span><span class=\"name\">Rot Fr\u00fcchte<\/span><\/div>\n<\/li>\n<li>\n<div><span class=\"icon\"><img decoding=\"async\" src=\"https:\/\/arbiovins.com\/wp-content\/themes\/bistro\/assets\/icons\/aromas\/aroma_spices.svg\" alt=\"Spices\" \/><\/span><span class=\"name\">Vanille<\/span><\/div>\n<\/li>\n<\/ul>\n<\/td>\n<\/tr>\n<\/tbody>\n<tbody>\n<tr>\n<td>Traube<\/td>\n<td>\n<p class=\"grape-variety-item\">Cabernet Sauvignon 40%<\/p>\n<p>Merlot 60%<\/p>\n<p class=\"grape-variety-item\">\n<\/td>\n<\/tr>\n<tr>\n<td>production<\/td>\n<td>Bio<\/td>\n<\/tr>\n<\/tbody>\n<tbody>\n<tr>\n<td>Alkoholgehalt<\/td>\n<td>\n<div class=\"vc_progress_bar wpb_content_element\">\n<div class=\"vc_general vc_single_bar\">\n<div class=\"vc_label\">14%<\/div>\n<\/div>\n<\/div>\n<\/td>\n<\/tr>\n<tr>\n<td>Lagerf\u00e4higheit<\/td>\n<td>\n<div class=\"vc_progress_bar wpb_content_element\">\n<div class=\"vc_general vc_single_bar\">\n<div class=\"vc_label\">15 jahre<\/div>\n<\/div>\n<\/div>\n<\/td>\n<\/tr>\n<tr>\n<td>Art des weins<\/td>\n<td>\n<div class=\"vc_progress_bar wpb_content_element\">\n<div class=\"vc_general vc_single_bar\">\n<div class=\"vc_label\">Trocken<\/div>\n<\/div>\n<\/div>\n<\/td>\n<\/tr>\n<tr>\n<td>Intensit\u00e4t<\/td>\n<td>\n<div class=\"vc_progress_bar wpb_content_element\">\n<div class=\"vc_general vc_single_bar\">\n<div class=\"vc_label\">aromatisch<\/div>\n<\/div>\n<\/div>\n<\/td>\n<\/tr>\n<\/tbody>\n<\/table>\n","protected":false},"featured_media":724,"comment_status":"open","ping_status":"closed","template":"","meta":[],"product_brand":[],"product_cat":[24],"product_tag":[98],"class_list":{"0":"post-737","1":"product","2":"type-product","3":"status-publish","4":"has-post-thumbnail","6":"product_cat-vins-rouges-biologique","7":"product_tag-domaine-beynat","9":"first","10":"instock","11":"shipping-taxable","12":"purchasable","13":"product-type-simple"},"translation":{"provider":"WPGlobus","version":"3.0.2","language":"de","enabled_languages":["en","de","fr"],"languages":{"en":{"title":true,"content":true,"excerpt":true},"de":{"title":false,"content":true,"excerpt":true},"fr":{"title":false,"content":true,"excerpt":true}}},"_links":{"self":[{"href":"https:\/\/arbiovins.com\/de\/wp-json\/wp\/v2\/product\/737","targetHints":{"allow":["GET"]}}],"collection":[{"href":"https:\/\/arbiovins.com\/de\/wp-json\/wp\/v2\/product"}],"about":[{"href":"https:\/\/arbiovins.com\/de\/wp-json\/wp\/v2\/types\/product"}],"replies":[{"embeddable":true,"href":"https:\/\/arbiovins.com\/de\/wp-json\/wp\/v2\/comments?post=737"}],"wp:featuredmedia":[{"embeddable":true,"href":"https:\/\/arbiovins.com\/de\/wp-json\/wp\/v2\/media\/724"}],"wp:attachment":[{"href":"https:\/\/arbiovins.com\/de\/wp-json\/wp\/v2\/media?parent=737"}],"wp:term":[{"taxonomy":"product_brand","embeddable":true,"href":"https:\/\/arbiovins.com\/de\/wp-json\/wp\/v2\/product_brand?post=737"},{"taxonomy":"product_cat","embeddable":true,"href":"https:\/\/arbiovins.com\/de\/wp-json\/wp\/v2\/product_cat?post=737"},{"taxonomy":"product_tag","embeddable":true,"href":"https:\/\/arbiovins.com\/de\/wp-json\/wp\/v2\/product_tag?post=737"}],"curies":[{"name":"wp","href":"https:\/\/api.w.org\/{rel}","templated":true}]}}