{"id":567,"date":"2019-09-22T13:16:50","date_gmt":"2019-09-22T11:16:50","guid":{"rendered":"http:\/\/arbiovins.com\/?post_type=product&#038;p=567"},"modified":"2025-01-24T13:18:48","modified_gmt":"2025-01-24T12:18:48","slug":"cabernet-anjou","status":"publish","type":"product","link":"https:\/\/arbiovins.com\/de\/shop\/cabernet-anjou\/","title":{"rendered":"Cabernet-d'Anjou 2024"},"content":{"rendered":"<div id=\"dslc-theme-content\"><div id=\"dslc-theme-content-inner\"><div id=\"div-desktop\">\n<section>\n<div class=\"float half\" style=\"margin-bottom: 1em; border-radius: 0.5em; padding: -1em; box-sizing: border-box; width: 50%; float: left; overflow: hidden;\"><img decoding=\"async\" class=\"image\" style=\"display: block; max-width: 100%; max-height: 100%; margin-left: auto; margin-right: auto;\" src=\"https:\/\/arbiovins.com\/wp-content\/uploads\/2018\/01\/girlholdingglass_960_square.jpg\" alt=\"\" width=\"auto\" height=\"auto\" \/><\/div>\n<div class=\"float half lio\" style=\"margin-bottom: 1em; border-radius: 0.5em; padding: 10px; box-sizing: border-box; width: 50%; float: left; overflow: hidden;\">\n<h3 style=\"-webkit-font-smoothing: antialiased; font-size: 12px; margin-bottom: 0px; padding: 0px; border: 0px; color: #1c1d23; font-family: proxima-nova, sans-serif; font-stretch: inherit; vertical-align: baseline; text-transform: uppercase; letter-spacing: 0.2em; line-height: 2.2em !important;\">WEITERGEHEN<\/h3>\n<h2 style=\"-webkit-font-smoothing: antialiased; margin-bottom: 0px; padding: 0px; border: 0px; font-weight: 400; line-height: 1em; color: #1c1d23; font-family: 'Abril Fatface'; font-stretch: inherit; vertical-align: baseline; text-transform: capitalize; font-size: 48px !important;\">Geschmacksnoten<\/h2>\n<p>&nbsp;<\/p>\n<p style=\"-webkit-font-smoothing: antialiased; font-size: inherit; margin-bottom: 0px; padding: 1em; border: 3px solid #ccc; font-family: inherit; font-style: inherit; font-variant-caps: inherit; font-stretch: inherit; line-height: inherit; vertical-align: baseline; border-radius: 3em .7em 2em .7em\/.7em 2em .7em 3em;\">Cabernet d'Anjou gilt als einer der besten Ros\u00e9weine Frankreichs und ist ein angenehmer Durstwein mit einer erstaunlichen Frische und einer hellen Nase von Himbeeren und Johannisbeeren in der Jugend, aber auch Noten von Rosen und englischen S\u00fc\u00dfigkeiten . Zart, rund und h\u00f6flich, hat es eine Lebendigkeit, die seine Milde ausgleicht.<\/p>\n<\/div>\n<div id=\"content\" style=\"margin-bottom: 1em; border-radius: 0.5em; padding: -1em; box-sizing: border-box; width: 45%;\">\n<p>&nbsp;<\/p>\n<\/div>\n<div class=\"float half lio\" style=\"margin-bottom: 1em; border-radius: 0.5em; padding: 10px; box-sizing: border-box; width: 50%; float: left; overflow: hidden;\">\n<h3 style=\"-webkit-font-smoothing: antialiased; font-size: 12px; margin-bottom: 0px; padding: 0px; border: 0px; line-height: 12px; color: #1c1d23; font-family: proxima-nova, sans-serif; font-stretch: inherit; vertical-align: baseline; text-transform: uppercase; letter-spacing: 0.2em; text-align: right;\">FRANCE<\/h3>\n<h2 style=\"-webkit-font-smoothing: antialiased; margin-bottom: 0px; padding: 0px; border: 0px; font-weight: 400; line-height: 1em; color: #1c1d23; font-family: 'Abril Fatface'; font-stretch: inherit; vertical-align: baseline; font-size: 48px !important; text-align: right;\">Vall\u00e9e de la Loire<\/h2>\n<p>&nbsp;<\/p>\n<p style=\"-webkit-font-smoothing: antialiased; font-size: inherit; margin-bottom: 0px; padding: 1em; border: 3px solid #ccc; font-family: inherit; font-style: inherit; font-variant-caps: inherit; font-stretch: inherit; line-height: inherit; vertical-align: baseline; text-align: right; border-radius: 3em .7em 2em .7em\/.7em 2em .7em 3em;\">Der Cabernet-d'Anjou AOC stammt vom AOC Anjou. Im Departement Maine-et-Loire gelegen, verschmelzen ihre Appellation und damit ihr Boden und Klima. Cabernet-d'Anjou ist ein halbtrockener Ros\u00e9wein mit einem zarten lila Gewand, das leicht aus Grenadinen besteht und aus Cabernet-Franc-Trauben hergestellt wird. Diese Trauben finden ihren besten Ausdruck an den Ufern des Layon, deren B\u00f6den aus Schiefern und Falunen (Felsen aus Muscheln) bestehen<\/p>\n<\/div>\n<div class=\"float half\" style=\"margin-bottom: 1em; border-radius: 0.5em; padding: -1em; box-sizing: border-box; width: 50%; float: left; overflow: hidden;\"><img decoding=\"async\" class=\"image\" style=\"display: block; max-width: 100%; max-height: 100%; margin-left: auto; margin-right: auto;\" src=\"https:\/\/arbiovins.com\/wp-content\/uploads\/2019\/10\/map_france_region_loirevalley_square-2.jpg\" alt=\"\" width=\"auto\" height=\"auto\" \/><\/div>\n<div id=\"content\" style=\"margin-bottom: 1em; border-radius: 0.5em; padding: -1em; box-sizing: border-box; width: 45%;\">\n<p>&nbsp;<\/p>\n<\/div>\n<div class=\"float half\" style=\"margin-bottom: 1em; border-radius: 0.5em; padding: -1em; box-sizing: border-box; width: 50%; float: left; overflow: hidden;\"><img decoding=\"async\" class=\"image\" style=\"display: block; max-width: 100%; max-height: 100%; margin-left: auto; margin-right: auto;\" src=\"https:\/\/arbiovins.com\/wp-content\/uploads\/2019\/09\/HD-Domaine-Cady-Caveau-\u00a9Sebastien-Gaudard-5.jpg\" alt=\"\" width=\"auto\" height=\"auto\" \/><\/div>\n<div class=\"float half lio\" style=\"margin-bottom: 1em; border-radius: 0.5em; padding: 10px; box-sizing: border-box; width: 50%; float: left; overflow: hidden;\">\n<h3 style=\"box-sizing: border-box; -webkit-font-smoothing: antialiased; font-size: 12px; margin: 0px; padding: 0px; border: 0px; font-style: inherit; font-weight: 600; line-height: 2.2em !important; color: #1c1d23; font-family: inherit; font-variant-caps: inherit; font-stretch: inherit; vertical-align: baseline; text-transform: uppercase; letter-spacing: 0.2em; text-align: left;\">MODERATE MARITIME CLIMATE<\/h3>\n<h2 style=\"box-sizing: border-box; -webkit-font-smoothing: antialiased; font-size: 48px !important; margin: 0px; padding: 0px; border: 0px; font-style: normal; font-weight: 400; line-height: 1em; color: #1c1d23; font-family: 'Abril Fatface'; font-variant-caps: normal; font-stretch: inherit; vertical-align: baseline; letter-spacing: normal; orphans: auto; text-indent: 0px; text-transform: none; white-space: normal; widows: auto; word-spacing: 0px; -webkit-text-size-adjust: auto; -webkit-text-stroke-width: 0px; text-align: left;\">Domaine Cady<\/h2>\n<p>&nbsp;<\/p>\n<p style=\"-webkit-font-smoothing: antialiased; font-size: inherit; margin-bottom: 0px; padding: 1em; border: 3px solid #ccc; font-family: inherit; font-style: inherit; font-variant-caps: inherit; font-stretch: inherit; line-height: inherit; vertical-align: baseline; border-radius: 3em .7em 2em .7em\/.7em 2em .7em 3em;\">Winzer von Vater auf den Sohn Seit 1927, seit vier Generationen. Alexandre stellt sein Know-how und seine Leidenschaft in den Dienst der Qualit\u00e4t.Das Anwesen erstreckt sich \u00fcber 28 Hektar Rebfl\u00e4che im Herzen der Layon-H\u00fcgel, wo traditionelle Anjou-Rebsorten wachsen.Um Qualit\u00e4tsweine anbieten zu K\u00f6nnen, sind wir auf den \u00f6kologischen Landbau Umgestiegen, unsere Weinlese erfolg manuell mit dem Ziel, unsere Trauben bei optimaler Reife auszuw\u00e4hlen.<\/p>\n<\/div>\n<\/section>\n<\/div>\n<div id=\"div-mobile\">\n<section>\n<h3 style=\"-webkit-font-smoothing: antialiased; font-size: 12px; margin-bottom: 0px; padding: 0px; border: 0px; color: #1c1d23; font-family: proxima-nova, sans-serif; font-stretch: inherit; vertical-align: baseline; text-transform: uppercase; letter-spacing: 0.2em; line-height: 2.2em !important;\">WEITERGEHEN<\/h3>\n<h2 style=\"-webkit-font-smoothing: antialiased; margin-bottom: 0px; padding: 0px; border: 0px; font-weight: 400; line-height: 1em; color: #1c1d23; font-family: 'Abril Fatface'; font-stretch: inherit; vertical-align: baseline; text-transform: capitalize; font-size: 44px !important;\">Geschmacksnoten<\/h2>\n<p><img decoding=\"async\" class=\"image\" style=\"display: block; max-width: 100%; max-height: 100%; margin-left: auto; margin-right: auto;\" src=\"https:\/\/arbiovins.com\/wp-content\/uploads\/2018\/01\/girlholdingglass_960_square.jpg\" alt=\"\" width=\"auto\" height=\"auto\" \/><\/p>\n<p style=\"-webkit-font-smoothing: antialiased; font-size: inherit; margin-bottom: 0px; padding: 1em; border: 3px solid #ccc; font-family: inherit; font-style: inherit; font-variant-caps: inherit; font-stretch: inherit; line-height: inherit; vertical-align: baseline; border-radius: 3em .7em 2em .7em\/.7em 2em .7em 3em;\">Cabernet d'Anjou gilt als einer der besten Ros\u00e9weine Frankreichs und ist ein angenehmer Durstwein mit einer erstaunlichen Frische und einer hellen Nase von Himbeeren und Johannisbeeren in der Jugend, aber auch Noten von Rosen und englischen S\u00fc\u00dfigkeiten . Zart, rund und h\u00f6flich, hat es eine Lebendigkeit, die seine Milde ausgleicht.<\/p>\n<p>&nbsp;<\/p>\n<h3 style=\"-webkit-font-smoothing: antialiased; font-size: 12px; margin-bottom: 0px; padding: 0px; border: 0px; line-height: 12px; color: #1c1d23; font-family: proxima-nova, sans-serif; font-stretch: inherit; vertical-align: baseline; text-transform: uppercase; letter-spacing: 0.2em; text-align: left;\">FRANCE<\/h3>\n<h2 style=\"-webkit-font-smoothing: antialiased; margin-bottom: 0px; padding: 0px; border: 0px; font-weight: 400; line-height: 1em; color: #1c1d23; font-family: 'Abril Fatface'; font-stretch: inherit; vertical-align: baseline; font-size: 44px !important; text-align: left;\">Vall\u00e9e de la Loire<\/h2>\n<p><img decoding=\"async\" class=\"image\" style=\"display: block; max-width: 100%; max-height: 100%; margin-left: auto; margin-right: auto;\" src=\"https:\/\/arbiovins.com\/wp-content\/uploads\/2019\/10\/map_france_region_loirevalley_square-2.jpg\" alt=\"\" width=\"auto\" height=\"auto\" \/><\/p>\n<p style=\"-webkit-font-smoothing: antialiased; font-size: inherit; margin-bottom: 0px; padding: 1em; border: 3px solid #ccc; font-family: inherit; font-style: inherit; font-variant-caps: inherit; font-stretch: inherit; line-height: inherit; vertical-align: baseline; text-align: left; border-radius: 3em .7em 2em .7em\/.7em 2em .7em 3em;\">Der Cabernet-d'Anjou AOC stammt vom AOC Anjou. Im Departement Maine-et-Loire gelegen, verschmelzen ihre Appellation und damit ihr Boden und Klima. Cabernet-d'Anjou ist ein halbtrockener Ros\u00e9wein mit einem zarten lila Gewand, das leicht aus Grenadinen besteht und aus Cabernet-Franc-Trauben hergestellt wird. Diese Trauben finden ihren besten Ausdruck an den Ufern des Layon, deren B\u00f6den aus Schiefern und Falunen (Felsen aus Muscheln) bestehen<\/p>\n<p>&nbsp;<\/p>\n<h3 style=\"box-sizing: border-box; -webkit-font-smoothing: antialiased; font-size: 12px; margin: 0px; padding: 0px; border: 0px; font-style: inherit; font-weight: 600; line-height: 2.2em !important; color: #1c1d23; font-family: inherit; font-variant-caps: inherit; font-stretch: inherit; vertical-align: baseline; text-transform: uppercase; letter-spacing: 0.2em; text-align: left;\">MODERATE MARITIME CLIMATE<\/h3>\n<h2 style=\"box-sizing: border-box; -webkit-font-smoothing: antialiased; font-size: 44px !important; margin: 0px; padding: 0px; border: 0px; font-style: normal; font-weight: 400; line-height: 1em; color: #1c1d23; font-family: 'Abril Fatface'; font-variant-caps: normal; font-stretch: inherit; vertical-align: baseline; letter-spacing: normal; orphans: auto; text-indent: 0px; text-transform: none; white-space: normal; widows: auto; word-spacing: 0px; -webkit-text-size-adjust: auto; -webkit-text-stroke-width: 0px; text-align: left;\">Domaine Cady<\/h2>\n<p><img decoding=\"async\" class=\"image\" style=\"display: block; max-width: 100%; max-height: 100%; margin-left: auto; margin-right: auto;\" src=\"https:\/\/arbiovins.com\/wp-content\/uploads\/2019\/09\/HD-Domaine-Cady-Caveau-\u00a9Sebastien-Gaudard-5.jpg\" alt=\"\" width=\"auto\" height=\"auto\" \/><\/p>\n<p style=\"-webkit-font-smoothing: antialiased; font-size: inherit; margin-bottom: 0px; padding: 1em; border: 3px solid #ccc; font-family: inherit; font-style: inherit; font-variant-caps: inherit; font-stretch: inherit; line-height: inherit; vertical-align: baseline; border-radius: 3em .7em 2em .7em\/.7em 2em .7em 3em;\">Winzer von Vater auf den Sohn Seit 1927, seit vier Generationen. Alexandre stellt sein Know-how und seine Leidenschaft in den Dienst der Qualit\u00e4t.Das Anwesen erstreckt sich \u00fcber 28 Hektar Rebfl\u00e4che im Herzen der Layon-H\u00fcgel, wo traditionelle Anjou-Rebsorten wachsen.Um Qualit\u00e4tsweine anbieten zu K\u00f6nnen, sind wir auf den \u00f6kologischen Landbau Umgestiegen, unsere Weinlese erfolg manuell mit dem Ziel, unsere Trauben bei optimaler Reife auszuw\u00e4hlen.<\/p>\n<\/section>\n<\/div>\n<\/div><\/div>","protected":false},"excerpt":{"rendered":"<p>&nbsp;<\/p>\n<table class=\"arbio-table_attributes\">\n<tbody>\n<tr>\n<td>arbio score<\/td>\n<td class=\"score\">98\/100<\/td>\n<\/tr>\n<p><!--\n\n\n<tr>\n\n\n<td><a href=\"https:\/\/arbiovins.com\/shop\/domaine-de-saint-jean-de-larbousier-2015\/#tab-reviews\">\nK\u00e4ufer Bewertungen\n<\/a><\/td>\n\n\n\n\n<td>\n\n\n<div class=\"star-rating\"><span style=\"width: 0%;\">\n<strong class=\"rating\">0.00<\/strong> out of 5 based on <span class=\"rating\">0<\/span> customer ratings <\/span><\/div>\n\n\n&nbsp;<\/td>\n\n\n<\/tr>\n\n\n--><\/tbody>\n<tbody>\n<tr>\n<td>Essen Paarung<\/td>\n<td>\n<ul class=\"arbio-icons_list\">\n<li>\n<div><span class=\"icon\"><img decoding=\"async\" src=\"https:\/\/arbiovins.com\/wp-content\/themes\/bistro\/assets\/icons\/food_pairing\/foodpairing_hard-cheese.svg\" alt=\"Hard cheese\" \/><\/span><span class=\"name\">Hartk\u00e4se<\/span><\/div>\n<\/li>\n<li>\n<div><span class=\"icon\"><img decoding=\"async\" src=\"https:\/\/arbiovins.com\/wp-content\/themes\/bistro\/assets\/icons\/food_pairing\/foodpairing_red-meat.svg\" alt=\"Red Meat\" \/><\/span><span class=\"name\">Rot Fleisch<\/span><\/div>\n<\/li>\n<li>\n<div><span class=\"icon\"><img decoding=\"async\" src=\"https:\/\/arbiovins.com\/wp-content\/themes\/bistro\/assets\/icons\/food_pairing\/foodpairing_vegeterian.svg\" alt=\"Vegetarian\" \/><\/span><span class=\"name\">Vegetarier<\/span><\/div>\n<\/li>\n<\/ul>\n<\/td>\n<\/tr>\n<tr>\n<td>aromas<\/td>\n<td>\n<ul class=\"arbio-icons_list\">\n<li>\n<div><span class=\"icon\"><img decoding=\"async\" src=\"https:\/\/arbiovins.com\/wp-content\/themes\/bistro\/assets\/icons\/aromas\/aroma_black-fruits.svg\" alt=\"Black Fruits\" \/><\/span><span class=\"name\">Schwarze Beeren<\/span><\/div>\n<\/li>\n<li>\n<div><span class=\"icon\"><img decoding=\"async\" src=\"https:\/\/arbiovins.com\/wp-content\/themes\/bistro\/assets\/icons\/aromas\/aroma_herbal.svg\" alt=\"Herbal\" \/><\/span><span class=\"name\">Kr\u00e4uter<\/span><\/div>\n<\/li>\n<li>\n<div><span class=\"icon\"><img decoding=\"async\" src=\"https:\/\/arbiovins.com\/wp-content\/themes\/bistro\/assets\/icons\/aromas\/aroma_spices.svg\" alt=\"Spices\" \/><\/span><span class=\"name\">Gew\u00fcrze<\/span><\/div>\n<\/li>\n<\/ul>\n<\/td>\n<\/tr>\n<\/tbody>\n<tbody>\n<tr>\n<td>Traube<\/td>\n<td>\n<p class=\"grape-variety-item\">100% Cabernet Franc<\/p>\n<\/td>\n<\/tr>\n<tr>\n<td>production<\/td>\n<td><a href=\"\/shop\/?filter_origin=Biologique\">Biologique<\/a><\/td>\n<\/tr>\n<\/tbody>\n<tbody>\n<tr>\n<td>Alkoholgehalt<\/td>\n<td>\n<div class=\"vc_progress_bar wpb_content_element\">\n<div class=\"vc_general vc_single_bar\"><\/div>\n<div class=\"vc_label\">11.0%<\/div>\n<\/div>\n<\/td>\n<\/tr>\n<tr>\n<td>Lagerf\u00e4higheit<\/td>\n<td>\n<div class=\"vc_progress_bar wpb_content_element\">\n<div class=\"vc_general vc_single_bar\"><\/div>\n<div class=\"vc_label\">5 jahre<\/div>\n<\/div>\n<\/td>\n<\/tr>\n<tr>\n<td>Art des weins<\/td>\n<td>\n<div class=\"vc_progress_bar wpb_content_element\">\n<div class=\"vc_general vc_single_bar\"><\/div>\n<div class=\"vc_label\">Halbtrocken<\/div>\n<\/div>\n<\/td>\n<\/tr>\n<tr>\n<td>Intensit\u00e4t<\/td>\n<td>\n<div class=\"vc_progress_bar wpb_content_element\">\n<div class=\"vc_general vc_single_bar\"><\/div>\n<div class=\"vc_label\">aromatisch<\/div>\n<\/div>\n<\/td>\n<\/tr>\n<\/tbody>\n<\/table>\n","protected":false},"featured_media":745,"comment_status":"open","ping_status":"closed","template":"","meta":[],"product_brand":[],"product_cat":[25],"product_tag":[80],"class_list":{"0":"post-567","1":"product","2":"type-product","3":"status-publish","4":"has-post-thumbnail","6":"product_cat-vins-roses-biologique","7":"product_tag-rose-wine","9":"first","10":"instock","11":"shipping-taxable","12":"purchasable","13":"product-type-simple"},"translation":{"provider":"WPGlobus","version":"3.0.2","language":"de","enabled_languages":["en","de","fr"],"languages":{"en":{"title":true,"content":true,"excerpt":true},"de":{"title":false,"content":true,"excerpt":true},"fr":{"title":false,"content":true,"excerpt":true}}},"_links":{"self":[{"href":"https:\/\/arbiovins.com\/de\/wp-json\/wp\/v2\/product\/567","targetHints":{"allow":["GET"]}}],"collection":[{"href":"https:\/\/arbiovins.com\/de\/wp-json\/wp\/v2\/product"}],"about":[{"href":"https:\/\/arbiovins.com\/de\/wp-json\/wp\/v2\/types\/product"}],"replies":[{"embeddable":true,"href":"https:\/\/arbiovins.com\/de\/wp-json\/wp\/v2\/comments?post=567"}],"wp:featuredmedia":[{"embeddable":true,"href":"https:\/\/arbiovins.com\/de\/wp-json\/wp\/v2\/media\/745"}],"wp:attachment":[{"href":"https:\/\/arbiovins.com\/de\/wp-json\/wp\/v2\/media?parent=567"}],"wp:term":[{"taxonomy":"product_brand","embeddable":true,"href":"https:\/\/arbiovins.com\/de\/wp-json\/wp\/v2\/product_brand?post=567"},{"taxonomy":"product_cat","embeddable":true,"href":"https:\/\/arbiovins.com\/de\/wp-json\/wp\/v2\/product_cat?post=567"},{"taxonomy":"product_tag","embeddable":true,"href":"https:\/\/arbiovins.com\/de\/wp-json\/wp\/v2\/product_tag?post=567"}],"curies":[{"name":"wp","href":"https:\/\/api.w.org\/{rel}","templated":true}]}}