{"id":2,"date":"2017-12-18T18:27:37","date_gmt":"2017-12-18T18:27:37","guid":{"rendered":"https:\/\/arbiovins.com\/?page_id=2"},"modified":"2017-12-20T14:57:21","modified_gmt":"2017-12-20T13:57:21","slug":"sample-page","status":"publish","type":"page","link":"https:\/\/arbiovins.com\/de\/sample-page\/","title":{"rendered":"F\u00fchrung"},"content":{"rendered":"<div id=\"dslc-theme-content\"><div id=\"dslc-theme-content-inner\"><h2><span class=\"notranslate\">Biologischer Wein<\/span><\/h2>\n<p><span class=\"notranslate\">Bio-Wein gibt es offiziell seit sehr kurzer Zeit (2012).<\/span> <span class=\"notranslate\">Zuvor wurde nur der Weinbau und nicht der Weinbau ber\u00fccksichtigt.<\/span> <span class=\"notranslate\">Dieser Ansatz verpflichtet nun dazu, keine synthetische Behandlung und kein Insektizid mehr in die Reben einzubauen, und in j\u00fcngster Zeit wird vorgeschlagen, die Inputs w\u00e4hrend der Weinbereitung (sehr geringf\u00fcgig) zu reduzieren.<\/span> <span class=\"notranslate\">Auf der anderen Seite erlaubt es Ans\u00e4uerung, Ents\u00e4uerung, W\u00e4rmebehandlung, Zugabe von Tanninen, Zugabe von Holzsp\u00e4nen, Schwefel, industriellen Hefen ...<\/span><\/p>\n<h2><span class=\"notranslate\">BIODYNAMISCHER WEIN<\/span><\/h2>\n<p><span class=\"notranslate\">Der biodynamische Wein treibt den Ansatz der Bio-Weine noch weiter voran.<\/span> <span class=\"notranslate\">Die Winzer, die diese Methode anwenden, versuchen, das Leben des Bodens zu intensivieren, damit es einen besseren Austausch zwischen der Erde und der Pflanze gibt.<\/span> <span class=\"notranslate\">Dazu verwenden sie Kr\u00e4uterpr\u00e4parate, die den Wein revitalisieren, energetisieren oder mazerieren, um die Rebe zu st\u00e4rken und sich besser zu entwickeln (eine Art hom\u00f6opathische Pr\u00e4ventionsbehandlung).<\/span> <span class=\"notranslate\">Sie benutzen auch den Mondkalender, damit sich die Pflanze, der Boden und die Mondeinfl\u00fcsse am besten kombinieren lassen.<\/span> <span class=\"notranslate\">Es ist ein Denker und Philosoph, Rudolf Steiner (1861-1925), der die Grundlagen dieser Bewegung, auch Anthroposophie genannt, begr\u00fcndet hat.<\/span><\/p>\n<p><span class=\"notranslate\">Es erm\u00f6glicht das Kleben von Wein und Filtration, chaptalization (Zusatz von Zucker) nur f\u00fcr Schaumweine, aber gegen die Verwendung von Schwefel-Dosis niedriger als Bio-Weine.<\/span><\/p>\n<h2><span class=\"notranslate\">NAT\u00dcRLICHER WEIN<\/span><\/h2>\n<p><span class=\"notranslate\">Nat\u00fcrlicher Wein kombiniert diese zwei Methoden, geht aber noch weiter, indem er keine Eingaben oder Techniken zul\u00e4sst, um den urspr\u00fcnglichen Saft au\u00dfer Schwefel zu modifizieren ... Es gibt auch einen anderen Abschnitt in nat\u00fcrlichen Weinen noch mehr \"zum Endist\" Weine ohne Zusatzstoffe oder Sulfite (SAINS).<\/span><\/p>\n<p><span class=\"notranslate\">Hier ist ein Beispiel f\u00fcr den Unterschied zwischen diesen Schritten:<\/span><\/p>\n<ul>\n<li><span class=\"notranslate\">Herk\u00f6mmliche weinrote EU-Standards: 160 mg \/ Liter Schwefel<\/span><\/li>\n<li><span class=\"notranslate\">Rotwein aus biologischem Anbau: 100 mg \/ Liter Schwefel<\/span><\/li>\n<li><span class=\"notranslate\">Demeter Rotwein (biodynamisch): 70 mg \/ Liter Schwefel<\/span><\/li>\n<li><span class=\"notranslate\">Rotwein Verband der Naturweine: 30 mg \/ Liter Schwefel<\/span><\/li>\n<\/ul>\n<p><span class=\"notranslate\">Ein sehr repr\u00e4sentatives Bild der verschiedenen Erg\u00e4nzungen, die nach den Standards des SAINS-Weinverbandes m\u00f6glich sind:<\/span><\/p>\n<p>&nbsp;<\/p>\n<p><a href=\"https:\/\/arbiovins.com\/wp-content\/uploads\/2017\/12\/Visuel-Le-Vin-light.jpg\"><img loading=\"lazy\" decoding=\"async\" class=\"aligncenter size-large wp-image-63\" src=\"https:\/\/arbiovins.com\/wp-content\/uploads\/2017\/12\/Affiche_definitive_5_bouteilles_2-2-2-1024x786.jpg\" alt=\"\" width=\"980\" height=\"752\" srcset=\"https:\/\/arbiovins.com\/wp-content\/uploads\/2017\/12\/Affiche_definitive_5_bouteilles_2-2-2-1024x786.jpg 1024w, https:\/\/arbiovins.com\/wp-content\/uploads\/2017\/12\/Affiche_definitive_5_bouteilles_2-2-2-324x249.jpg 324w, https:\/\/arbiovins.com\/wp-content\/uploads\/2017\/12\/Affiche_definitive_5_bouteilles_2-2-2-416x319.jpg 416w, https:\/\/arbiovins.com\/wp-content\/uploads\/2017\/12\/Affiche_definitive_5_bouteilles_2-2-2-300x230.jpg 300w, https:\/\/arbiovins.com\/wp-content\/uploads\/2017\/12\/Affiche_definitive_5_bouteilles_2-2-2-768x590.jpg 768w, https:\/\/arbiovins.com\/wp-content\/uploads\/2017\/12\/Affiche_definitive_5_bouteilles_2-2-2-150x115.jpg 150w, https:\/\/arbiovins.com\/wp-content\/uploads\/2017\/12\/Affiche_definitive_5_bouteilles_2-2-2.jpg 1214w\" sizes=\"auto, (max-width: 980px) 100vw, 980px\" \/><\/a><\/p>\n<\/div><\/div>","protected":false},"excerpt":{"rendered":"<p>Biologischer Wein Bio-Wein gibt es offiziell seit sehr kurzer Zeit (2012). Zuvor wurde nur der Weinbau und nicht der Weinbau ber\u00fccksichtigt. Dieser Ansatz verpflichtet nun dazu, keine synthetische Behandlung und kein Insektizid mehr in die Reben einzubauen, und in j\u00fcngster Zeit wird vorgeschlagen, die Inputs w\u00e4hrend der Weinbereitung (sehr geringf\u00fcgig) zu reduzieren. Auf der anderen [&hellip;]<\/p>\n","protected":false},"author":1,"featured_media":0,"parent":0,"menu_order":0,"comment_status":"closed","ping_status":"open","template":"","meta":{"footnotes":""},"class_list":["post-2","page","type-page","status-publish","hentry"],"translation":{"provider":"WPGlobus","version":"3.0.2","language":"de","enabled_languages":["en","de","fr"],"languages":{"en":{"title":true,"content":true,"excerpt":false},"de":{"title":true,"content":true,"excerpt":false},"fr":{"title":true,"content":true,"excerpt":false}}},"_links":{"self":[{"href":"https:\/\/arbiovins.com\/de\/wp-json\/wp\/v2\/pages\/2","targetHints":{"allow":["GET"]}}],"collection":[{"href":"https:\/\/arbiovins.com\/de\/wp-json\/wp\/v2\/pages"}],"about":[{"href":"https:\/\/arbiovins.com\/de\/wp-json\/wp\/v2\/types\/page"}],"author":[{"embeddable":true,"href":"https:\/\/arbiovins.com\/de\/wp-json\/wp\/v2\/users\/1"}],"replies":[{"embeddable":true,"href":"https:\/\/arbiovins.com\/de\/wp-json\/wp\/v2\/comments?post=2"}],"version-history":[{"count":3,"href":"https:\/\/arbiovins.com\/de\/wp-json\/wp\/v2\/pages\/2\/revisions"}],"predecessor-version":[{"id":66,"href":"https:\/\/arbiovins.com\/de\/wp-json\/wp\/v2\/pages\/2\/revisions\/66"}],"wp:attachment":[{"href":"https:\/\/arbiovins.com\/de\/wp-json\/wp\/v2\/media?parent=2"}],"curies":[{"name":"wp","href":"https:\/\/api.w.org\/{rel}","templated":true}]}}